{"id":260,"date":"2025-11-01T13:21:16","date_gmt":"2025-11-01T13:21:16","guid":{"rendered":"https:\/\/simplestainless.com\/?page_id=260"},"modified":"2025-11-07T11:44:41","modified_gmt":"2025-11-07T11:44:41","slug":"meista","status":"publish","type":"page","link":"https:\/\/simplestainless.com\/fi\/meista\/","title":{"rendered":"Tietoja meist\u00e4"},"content":{"rendered":"<section class=\"section\" id=\"section_1470198483\">\n\t\t<div class=\"section-bg fill\" >\n\t\t\t\t\t\t\t\t\t\n\t\t\t\n\n\t\t<\/div>\n\n\t\t\n\n\t\t<div class=\"section-content relative\">\n\t\t\t\n\n<div class=\"row\"  id=\"row-123918372\">\n\n\n\t<div id=\"col-35656434\" class=\"col small-12 large-12\"  >\n\t\t\t\t<div class=\"col-inner box-shadow-3\"  >\n\t\t\t\n\t\t\t\n\n\n  <div class=\"banner has-hover banner-radius12\" id=\"banner-1128531844\">\n          <div class=\"banner-inner fill\">\n        <div class=\"banner-bg fill\" >\n            <img loading=\"lazy\" decoding=\"async\" width=\"1382\" height=\"1536\" src=\"https:\/\/simplestainless.com\/wp-content\/uploads\/2025\/11\/Stala_B-ONE_kitchen3-scaled-1-1382x1536.jpg\" class=\"bg attachment-1536x1536 size-1536x1536\" alt=\"\">                                    \n                    <\/div>\n\t\t\n        <div class=\"banner-layers container\">\n            <div class=\"fill banner-link\"><\/div>            \n\n   <div id=\"text-box-1802840591\" class=\"text-box banner-layer x50 md-x5 lg-x5 y90 md-y95 lg-y95 res-text\">\n                                <div class=\"text-box-content text dark text-shadow-5\">\n              \n              <div class=\"text-inner text-center\">\n                  \n\n\t<div id=\"text-140327945\" class=\"text\">\n\t\t\n\n<h1><span style=\"font-size: 70%;\"><strong>Teemme mittatilauster\u00e4ksest\u00e4 yksinkertaista<\/strong><\/span><\/h1>\n<p>Mittatilausty\u00f6n\u00e4 valmistetut ruostumattomat keitti\u00f6tasot ja v\u00e4litilalevyt ilman myym\u00e4l\u00e4vaivaa. Hinta v\u00e4litt\u00f6m\u00e4sti, selke\u00e4t vaihtoehdot ja huolellinen toimitus<\/p>\n\t\t\n<style>\n#text-140327945 {\n  font-size: 0.9rem;\n  text-align: left;\n}\n@media (min-width:550px) {\n  #text-140327945 {\n    font-size: 1.15rem;\n  }\n}\n<\/style>\n\t<\/div>\n\t\n\n              <\/div>\n           <\/div>\n                            \n<style>\n#text-box-1802840591 {\n  width: 90%;\n}\n#text-box-1802840591 .text-box-content {\n  font-size: 100%;\n}\n@media (min-width:550px) {\n  #text-box-1802840591 {\n    width: 81%;\n  }\n}\n@media (min-width:850px) {\n  #text-box-1802840591 {\n    width: 49%;\n  }\n}\n<\/style>\n    <\/div>\n \n   <div id=\"text-box-1222618008\" class=\"text-box banner-layer x100 md-x100 lg-x100 y100 md-y100 lg-y100 res-text\">\n                                <div class=\"text-box-content text dark\">\n              \n              <div class=\"text-inner text-center\">\n                  \n\n\t<div id=\"text-3785954660\" class=\"text\">\n\t\t\n\n<p>Kuva: Stala<\/p>\n\t\t\n<style>\n#text-3785954660 {\n  font-size: 0.75rem;\n  text-align: center;\n}\n<\/style>\n\t<\/div>\n\t\n\n              <\/div>\n           <\/div>\n                            \n<style>\n#text-box-1222618008 {\n  width: 31%;\n}\n#text-box-1222618008 .text-box-content {\n  font-size: 100%;\n}\n@media (min-width:550px) {\n  #text-box-1222618008 {\n    width: 16%;\n  }\n}\n@media (min-width:850px) {\n  #text-box-1222618008 {\n    width: 10%;\n  }\n}\n<\/style>\n    <\/div>\n \n\n        <\/div>\n      <\/div>\n\n            \n<style>\n#banner-1128531844 {\n  padding-top: 143%;\n}\n#banner-1128531844 .banner-bg img {\n  object-position: 0% 59%;\n}\n@media (min-width:550px) {\n  #banner-1128531844 {\n    padding-top: 56.25%;\n  }\n}\n<\/style>\n  <\/div>\n\n\n\n\t\t<\/div>\n\t\t\t\t\n<style>\n#col-35656434 > .col-inner {\n  border-radius: 12px;\n}\n<\/style>\n\t<\/div>\n\n\t\n\n<\/div>\n<div class=\"is-divider divider clearfix\" style=\"max-width:100%;height:1px;\"><\/div>\n\n\n\t\t<\/div>\n\n\t\t\n<style>\n#section_1470198483 {\n  padding-top: 30px;\n  padding-bottom: 30px;\n}\n<\/style>\n\t<\/section>\n\t\n<div class=\"row\"  id=\"row-929007547\">\n\n\n\t<div id=\"col-1995143596\" class=\"col medium-3 small-6 large-3\"  >\n\t\t\t\t<div class=\"col-inner\"  >\n\t\t\t\n\t<div class=\"is-border\"\n\t\tstyle=\"border-radius:12px;border-width:1px 1px 1px 1px;\">\n\t<\/div>\n\t\t\t\n\n\t<div id=\"text-3432093900\" class=\"text\">\n\t\t\n\n<p><span style=\"font-size: 170%;\"><strong>Yli 5 000<br \/><\/strong><\/span><span style=\"color: #575757;\">r\u00e4\u00e4t\u00e4l\u00f6ity\u00e4 mallia<\/span><\/p>\n\t\t\n<style>\n#text-3432093900 {\n  text-align: center;\n}\n<\/style>\n\t<\/div>\n\t\n\n\t\t<\/div>\n\t\t\t\t\n<style>\n#col-1995143596 > .col-inner {\n  padding: 5% 5% 5% 5%;\n}\n<\/style>\n\t<\/div>\n\n\t\n\n\t<div id=\"col-1238313590\" class=\"col medium-3 small-6 large-3\"  >\n\t\t\t\t<div class=\"col-inner\"  >\n\t\t\t\n\t<div class=\"is-border\"\n\t\tstyle=\"border-radius:12px;border-width:1px 1px 1px 1px;\">\n\t<\/div>\n\t\t\t\n\n\t<div id=\"text-1084159017\" class=\"text\">\n\t\t\n\n<p><span style=\"font-size: 170%;\"><strong>20-40 mm<br \/><\/strong><\/span><span style=\"color: #575757;\">Paksuusvaihtoehdot<\/span><\/p>\n\t\t\n<style>\n#text-1084159017 {\n  text-align: center;\n}\n<\/style>\n\t<\/div>\n\t\n\n\t\t<\/div>\n\t\t\t\t\n<style>\n#col-1238313590 > .col-inner {\n  padding: 5% 5% 5% 5%;\n}\n<\/style>\n\t<\/div>\n\n\t\n\n\t<div id=\"col-762401157\" class=\"col medium-3 small-6 large-3\"  >\n\t\t\t\t<div class=\"col-inner\"  >\n\t\t\t\n\t<div class=\"is-border\"\n\t\tstyle=\"border-radius:12px;border-width:1px 1px 1px 1px;\">\n\t<\/div>\n\t\t\t\n\n\t<div id=\"text-1328877240\" class=\"text\">\n\t\t\n\n<p><span style=\"font-size: 170%;\"><strong>10\u201314 arkip\u00e4iv\u00e4\u00e4<br \/><\/strong><\/span><span style=\"color: #575757;\">Tavallinen toimitusaika<\/span><\/p>\n\t\t\n<style>\n#text-1328877240 {\n  text-align: center;\n}\n<\/style>\n\t<\/div>\n\t\n\n\t\t<\/div>\n\t\t\t\t\n<style>\n#col-762401157 > .col-inner {\n  padding: 5% 5% 5% 5%;\n}\n<\/style>\n\t<\/div>\n\n\t\n\n\t<div id=\"col-1196638041\" class=\"col medium-3 small-6 large-3\"  >\n\t\t\t\t<div class=\"col-inner\"  >\n\t\t\t\n\t<div class=\"is-border\"\n\t\tstyle=\"border-radius:12px;border-width:1px 1px 1px 1px;\">\n\t<\/div>\n\t\t\t\n\n\t<div id=\"text-3297268767\" class=\"text\">\n\t\t\n\n<p><span style=\"font-size: 170%;\"><strong>EU\/Eurooppa<br \/><\/strong><\/span><span style=\"color: #575757;\">(Pian toimitamme kaikkiin maihin Euroopassa)<\/span><\/p>\n\t\t\n<style>\n#text-3297268767 {\n  text-align: center;\n}\n<\/style>\n\t<\/div>\n\t\n\n\t\t<\/div>\n\t\t\t\t\n<style>\n#col-1196638041 > .col-inner {\n  padding: 5% 5% 5% 5%;\n}\n<\/style>\n\t<\/div>\n\n\t\n\n<\/div>\n<div class=\"is-divider divider clearfix\" style=\"max-width:100%;height:1px;\"><\/div>\n\n<div class=\"row align-middle\"  id=\"row-25586624\">\n\n\n\t<div id=\"col-1380096418\" class=\"col medium-5 small-12 large-5\"  >\n\t\t\t\t<div class=\"col-inner\"  >\n\t\t\t\n\t\t\t\n\n<h2>Meid\u00e4n tarinamme<\/h2>\n<p>Perustimme Simple Stainlessin poistaaksemme hankaluudet mittatilausty\u00f6n\u00e4 valmistettujen ter\u00e4stuotteiden ostamisesta \u2013 v\u00e4hemm\u00e4n s\u00e4hk\u00f6posteja, selke\u00e4mm\u00e4t valinnat ja turvallisempi toimitus.<\/p>\n\n\t\t<\/div>\n\t\t\t\t\t<\/div>\n\n\t\n\n\t<div id=\"col-708189871\" class=\"col medium-7 small-12 large-7\"  >\n\t\t\t\t<div class=\"col-inner\"  >\n\t\t\t\n\t\t\t\n\n<div class=\"row row-large\"  id=\"row-963323851\">\n\n\n\t<div id=\"col-1743295170\" class=\"col medium-2 small-2 large-1\"  >\n\t\t\t\t<div class=\"col-inner\" style=\"background-color:#0f172a;\" >\n\t\t\t\n\t<div class=\"is-border is-dashed\"\n\t\tstyle=\"border-color:#0f172a;border-width:0px 1px 0px 0px;margin:0px 47% -100px 0px;\">\n\t<\/div>\n\t\t\t\n\n\t<div id=\"text-1471084233\" class=\"text\">\n\t\t\n\n<p>1<\/p>\n\t\t\n<style>\n#text-1471084233 {\n  text-align: center;\n  color: #0e1e33;\n}\n#text-1471084233 > * {\n  color: #0e1e33;\n}\n<\/style>\n\t<\/div>\n\t\n\n\t\t<\/div>\n\t\t\t\t\n<style>\n#col-1743295170 > .col-inner {\n  border-radius: 100px;\n}\n<\/style>\n\t<\/div>\n\n\t\n\n\t<div id=\"col-797521584\" class=\"col medium-10 small-10 large-11\"  >\n\t\t\t\t<div class=\"col-inner\"  >\n\t\t\t\n\t\t\t\n\n<p><strong>Ideamme<\/strong><\/p>\n<p>Muuttaa monimutkainen, offline-prosessi ohjatuksi suunnitteluvaiheeksi, joka tuottaa piirustukset ja hinnan v\u00e4litt\u00f6m\u00e4sti.<\/p>\n\n\t\t<\/div>\n\t\t\t\t\t<\/div>\n\n\t\n\n<\/div>\n<div class=\"row row-large\"  id=\"row-1366181827\">\n\n\n\t<div id=\"col-868783956\" class=\"col medium-2 small-2 large-1\"  >\n\t\t\t\t<div class=\"col-inner\" style=\"background-color:#0f172a;\" >\n\t\t\t\n\t<div class=\"is-border is-dashed\"\n\t\tstyle=\"border-color:#0f172a;border-width:0px 1px 0px 0px;margin:0px 47% -100px 0px;\">\n\t<\/div>\n\t\t\t\n\n\t<div id=\"text-79402411\" class=\"text\">\n\t\t\n\n<p>1<\/p>\n\t\t\n<style>\n#text-79402411 {\n  text-align: center;\n  color: #0e1e33;\n}\n#text-79402411 > * {\n  color: #0e1e33;\n}\n<\/style>\n\t<\/div>\n\t\n\n\t\t<\/div>\n\t\t\t\t\n<style>\n#col-868783956 > .col-inner {\n  border-radius: 100px;\n}\n<\/style>\n\t<\/div>\n\n\t\n\n\t<div id=\"col-889937325\" class=\"col medium-10 small-10 large-11\"  >\n\t\t\t\t<div class=\"col-inner\"  >\n\t\t\t\n\t\t\t\n\n<p><strong>Laadukkaat yhteisty\u00f6kumppanit<\/strong><\/p>\n<p>Keskitymme laadukkaisiin ter\u00e4sratkaisuihin ja pintaviimeistelyihin.<\/p>\n\n\t\t<\/div>\n\t\t\t\t\t<\/div>\n\n\t\n\n<\/div>\n<div class=\"row row-large\"  id=\"row-1393721370\">\n\n\n\t<div id=\"col-1094680846\" class=\"col medium-2 small-2 large-1\"  >\n\t\t\t\t<div class=\"col-inner\" style=\"background-color:#0f172a;\" >\n\t\t\t\n\t<div class=\"is-border is-dashed\"\n\t\tstyle=\"border-color:#0f172a;border-width:0px 1px 0px 0px;margin:0px 47% -57px 0px;\">\n\t<\/div>\n\t\t\t\n\n\t<div id=\"text-859486031\" class=\"text\">\n\t\t\n\n<p>1<\/p>\n\t\t\n<style>\n#text-859486031 {\n  text-align: center;\n  color: #0e1e33;\n}\n#text-859486031 > * {\n  color: #0e1e33;\n}\n<\/style>\n\t<\/div>\n\t\n\n\t\t<\/div>\n\t\t\t\t\n<style>\n#col-1094680846 > .col-inner {\n  border-radius: 100px;\n}\n<\/style>\n\t<\/div>\n\n\t\n\n\t<div id=\"col-1645619248\" class=\"col medium-10 small-10 large-11\"  >\n\t\t\t\t<div class=\"col-inner\"  >\n\t\t\t\n\t\t\t\n\n<p><strong>Saatavilla kaikkialla Euroopassa<\/strong><\/p>\n<p>Kielet, ALV ja maksutavat on mukautettu maakohtaisesti, ja pakkaukset kest\u00e4v\u00e4t pitk\u00e4tkin kuljetukset.<\/p>\n\n\t\t<\/div>\n\t\t\t\t\t<\/div>\n\n\t\n\n<\/div>\n\n\t\t<\/div>\n\t\t\t\t\t<\/div>\n\n\t\n\n<\/div>\n<div class=\"is-divider divider clearfix\" style=\"max-width:100%;height:1px;\"><\/div>\n\n<div class=\"row align-middle\"  id=\"row-1594627049\">\n\n\n\t<div id=\"col-980382631\" class=\"col medium-6 small-12 large-6\"  >\n\t\t\t\t<div class=\"col-inner\"  >\n\t\t\t\n\t\t\t\n\n<h2>Materiaalit ja rakenne<\/h2>\n<ul>\n<li>0,7 mm ruostumaton ter\u00e4slevy, sile\u00e4 tai StalaTex-kuviolla<\/li>\n<li>Tukeva t\u00e4yte ja vanerirunko j\u00e4ykkyyden ja siistien reunojen varmistamiseksi<\/li>\n<li>20\/30\/40 mm paksuus, CNC-jyrsityt altaan, keittotason ja hanan rei\u00e4t<\/li>\n<\/ul>\n\n\t\t<\/div>\n\t\t\t\t\t<\/div>\n\n\t\n\n\t<div id=\"col-311750210\" class=\"col medium-6 small-12 large-6\"  >\n\t\t\t\t<div class=\"col-inner box-shadow-2\" style=\"background-color:#f8fafc;\" >\n\t\t\t\n\t<div class=\"is-border\"\n\t\tstyle=\"border-radius:12px;border-width:1px 1px 1px 1px;\">\n\t<\/div>\n\t\t\t\n\n<p><strong>Miksi ruostumaton ter\u00e4s?<\/strong><\/p>\n<p>Kest\u00e4v\u00e4, hygieeninen ja t\u00e4ysin kierr\u00e4tett\u00e4v\u00e4 materiaali. StalaTex pehment\u00e4\u00e4 heijastuksia ja auttaa piilottamaan arjen kulumat.<\/p>\n\n\t\t<\/div>\n\t\t\t\t\n<style>\n#col-311750210 > .col-inner {\n  padding: 5% 5% 5% 5%;\n  border-radius: 12px;\n}\n<\/style>\n\t<\/div>\n\n\t\n\n<\/div>\n<div class=\"is-divider divider clearfix\" style=\"max-width:100%;height:1px;\"><\/div>\n\n\n\t<section class=\"section\" id=\"section_1043082675\">\n\t\t<div class=\"section-bg fill\" >\n\t\t\t\t\t\t\t\t\t\n\t\t\t\n\n\t\t<\/div>\n\n\t\t\n\n\t\t<div class=\"section-content relative\">\n\t\t\t\n\n<div class=\"row align-equal\"  id=\"row-814849972\">\n\n\n\t<div id=\"col-110994949\" class=\"col medium-12 small-12 large-6\"  >\n\t\t\t\t<div class=\"col-inner\"  >\n\t\t\t\n\t<div class=\"is-border\"\n\t\tstyle=\"border-radius:12px;border-width:1px 1px 1px 1px;\">\n\t<\/div>\n\t\t\t\n\n\t<div class=\"img has-hover banner-radius12 x md-x lg-x y md-y lg-y\" id=\"image_1826067614\">\n\t\t\t\t\t\t\t\t<div class=\"img-inner dark\" >\n\t\t\t<img loading=\"lazy\" decoding=\"async\" width=\"600\" height=\"400\" src=\"https:\/\/simplestainless.com\/wp-content\/uploads\/2025\/11\/stala_ease_mf-40-17s_teraspinnan_puhdistus.jpg\" class=\"attachment-large size-large\" alt=\"\">\t\t\t\t\t\t\n\t\t\t\t\t<\/div>\n\t\t\t\t\t\t\t\t\n<style>\n#image_1826067614 {\n  width: 100%;\n}\n<\/style>\n\t<\/div>\n\t\n\n<p>Pid\u00e4 hyv\u00e4\u00e4 huolta keitti\u00f6tasostasi ja hanastasi - ne tulevat kest\u00e4m\u00e4\u00e4n vuosikymmeni\u00e4 hyv\u00e4ss\u00e4 kunnossa. T\u00e4ss\u00e4 t\u00e4rkeimm\u00e4t ohjeet ruostumattoman ter\u00e4ksen yll\u00e4pitoon.<\/p>\n\n\t\t<\/div>\n\t\t\t\t\n<style>\n#col-110994949 > .col-inner {\n  padding: 5% 5% 5% 5%;\n}\n<\/style>\n\t<\/div>\n\n\t\n\n\t<div id=\"col-908781779\" class=\"col medium-12 small-12 large-6\"  >\n\t\t\t\t<div class=\"col-inner\"  >\n\t\t\t\n\t<div class=\"is-border\"\n\t\tstyle=\"border-radius:12px;border-width:1px 1px 1px 1px;\">\n\t<\/div>\n\t\t\t\n\n<p><strong>Hoito-ohjeet<\/strong><\/p>\n<ol>\n<li><strong>Muista puhdistaa pinta ennen ensimm\u00e4ist\u00e4 k\u00e4ytt\u00f6kertaa<\/strong>\n<p><span style=\"font-size: 80%;\">Pese tuote em\u00e4ksisell\u00e4 pesuaineella (pH yli 8). Huuhtele huolellisesti ja kuivaa pinta.<br \/><\/span><span style=\"font-size: 80%;\">Asennuksen j\u00e4lkeen pinnalle j\u00e4\u00e4 aina jonkin verran ep\u00e4puhtauksia. Kun n\u00e4m\u00e4 ep\u00e4puhtaudet poistetaan, ruostumattoman ter\u00e4ksen sis\u00e4lt\u00e4m\u00e4 kromi reagoi hapen kanssa ja muodostaa passiivikerroksen, joka suojaa pintaa.<\/span><\/p>\n<\/li>\n<li><strong><strong>P\u00e4ivitt\u00e4inen hoito \u2013 pese, huuhtele ja kuivaa<br \/><\/strong><\/strong>\n<p><span style=\"font-size: 80%;\">K\u00e4yt\u00f6n j\u00e4lkeen puhdista pinta aina pehme\u00e4ll\u00e4 liinalla, sienell\u00e4 tai pyyhkeell\u00e4. K\u00e4yt\u00e4 puhdistukseen l\u00e4mmint\u00e4 vett\u00e4 ja nestem\u00e4ist\u00e4 pesuainetta.<br \/><\/span><span style=\"font-size: 80%;\">Huuhtele pinta huolellisesti vedell\u00e4 ja kuivaa pehme\u00e4ll\u00e4 liinalla.<\/span><\/p>\n<\/li>\n<li><strong> Ohjeet tahrojen poistamiseen ruostumattomasta ter\u00e4ksest\u00e4<br \/><\/strong>\n<p><span style=\"font-size: 80%;\">K\u00e4yt\u00e4 puhdistustahnaa, jonka pH on yli 8 (esim. Cif Cream tai Universal Stone), ja levit\u00e4 se pehme\u00e4ll\u00e4 liinalla tai taikasienell\u00e4. Huuhtele lopuksi l\u00e4mpim\u00e4ll\u00e4 vedell\u00e4.<br \/><\/span><span style=\"font-size: 80%;\">Levit\u00e4 puhdistusaine pehme\u00e4ll\u00e4 liinalla tai ihmesienell\u00e4, anna vaikuttaa 15 minuuttia, huuhtele huolellisesti ja kuivaa pinta.<br \/><\/span><span style=\"font-size: 80%;\">Kuivuneet kalkkitahrat voi poistaa 25 %:n etikkaliuoksella. Anna liuoksen vaikuttaa hetken, puhdista sen j\u00e4lkeen pinta, huuhtele ja kuivaa huolellisesti.<\/span><\/p>\n<\/li>\n<\/ol>\n<p><strong>Aineet, joita tulee v\u00e4ltt\u00e4\u00e4<\/strong><br \/><span style=\"font-size: 80%;\">Happamat aineet, kuten sitruunahappoa sis\u00e4lt\u00e4v\u00e4t keitti\u00f6saippuat, voivat vahingoittaa ruostumattoman ter\u00e4ksen pintaa kuivuttuaan (pH alle 6).<br \/>Hankausjauheet ja ter\u00e4svilla naarmuttavat pintaa.<br \/><\/span><\/p>\n<p><strong>Ja muista!<\/strong><br \/><span style=\"font-size: 80%;\">\u00c4l\u00e4 j\u00e4t\u00e4 m\u00e4rk\u00e4\u00e4 valurautapannua tai muita ruostuvia metallisia keitti\u00f6v\u00e4lineit\u00e4 pinnalle pitk\u00e4ksi aikaa, sill\u00e4 ne voivat j\u00e4tt\u00e4\u00e4 j\u00e4lki\u00e4.<\/span><\/p>\n\n\t\t<\/div>\n\t\t\t\t\n<style>\n#col-908781779 > .col-inner {\n  padding: 5% 5% 5% 5%;\n}\n<\/style>\n\t<\/div>\n\n\t\n\n<\/div>\n\n\t\t<\/div>\n\n\t\t\n<style>\n#section_1043082675 {\n  padding-top: 30px;\n  padding-bottom: 30px;\n}\n<\/style>\n\t<\/section>\n\t\n<div class=\"is-divider divider clearfix\" style=\"max-width:100%;height:1px;\"><\/div>\n\n<div class=\"row align-middle\"  id=\"row-1025029163\">\n\n\n\t<div id=\"col-702045603\" class=\"col medium-3 small-12 large-4\"  >\n\t\t\t\t<div class=\"col-inner\"  >\n\t\t\t\n\t\t\t\n\n<h3>Yritys<\/h3>\n<p>Simple Stainlessia yll\u00e4pit\u00e4\u00e4 AV Group AB.<\/p>\n\n\t\t<\/div>\n\t\t\t\t\t<\/div>\n\n\t\n\n\t<div id=\"col-1467629347\" class=\"col medium-5 small-12 large-4\"  >\n\t\t\t\t<div class=\"col-inner\"  >\n\t\t\t\n\t<div class=\"is-border\"\n\t\tstyle=\"border-radius:12px;border-width:1px 1px 1px 1px;\">\n\t<\/div>\n\t\t\t\n\n<p><strong>Tiedot<\/strong><\/p>\n<p>Yhti\u00f6: AV Group AB<br \/>ALV-tunnus: SE559309084701<br \/>Aukioloajat: ma\u2013pe 09.00\u201317.00 (CET)<\/p>\n\n\t\t<\/div>\n\t\t\t\t\n<style>\n#col-1467629347 > .col-inner {\n  padding: 5% 5% 5% 5%;\n}\n<\/style>\n\t<\/div>\n\n\t\n\n\t<div id=\"col-689100470\" class=\"col medium-4 small-12 large-4\"  >\n\t\t\t\t<div class=\"col-inner\"  >\n\t\t\t\n\t<div class=\"is-border\"\n\t\tstyle=\"border-radius:12px;border-width:1px 1px 1px 1px;\">\n\t<\/div>\n\t\t\t\n\n<p><strong>Yhteystiedot<\/strong><\/p>\n<p><a href=\"mailto:info@simplestainless.com\">info@simplestainless.com<\/a><br \/><a href=\"https:\/\/simplestainless.com\/fi\/kayttoehdot\/\">Ehdot<\/a><br \/><a href=\"https:\/\/simplestainless.com\/fi\/tietosuojakaytanto\/\">Tietosuojak\u00e4yt\u00e4nt\u00f6<\/a><\/p>\n\n\t\t<\/div>\n\t\t\t\t\n<style>\n#col-689100470 > .col-inner {\n  padding: 5% 5% 5% 5%;\n}\n<\/style>\n\t<\/div>\n\n\t\n\n<\/div>","protected":false},"excerpt":{"rendered":"","protected":false},"author":1,"featured_media":0,"parent":0,"menu_order":0,"comment_status":"closed","ping_status":"closed","template":"","meta":{"footnotes":""},"class_list":["post-260","page","type-page","status-publish","hentry"],"_links":{"self":[{"href":"https:\/\/simplestainless.com\/fi\/wp-json\/wp\/v2\/pages\/260","targetHints":{"allow":["GET"]}}],"collection":[{"href":"https:\/\/simplestainless.com\/fi\/wp-json\/wp\/v2\/pages"}],"about":[{"href":"https:\/\/simplestainless.com\/fi\/wp-json\/wp\/v2\/types\/page"}],"author":[{"embeddable":true,"href":"https:\/\/simplestainless.com\/fi\/wp-json\/wp\/v2\/users\/1"}],"replies":[{"embeddable":true,"href":"https:\/\/simplestainless.com\/fi\/wp-json\/wp\/v2\/comments?post=260"}],"version-history":[{"count":3,"href":"https:\/\/simplestainless.com\/fi\/wp-json\/wp\/v2\/pages\/260\/revisions"}],"predecessor-version":[{"id":293,"href":"https:\/\/simplestainless.com\/fi\/wp-json\/wp\/v2\/pages\/260\/revisions\/293"}],"wp:attachment":[{"href":"https:\/\/simplestainless.com\/fi\/wp-json\/wp\/v2\/media?parent=260"}],"curies":[{"name":"wp","href":"https:\/\/api.w.org\/{rel}","templated":true}]}}