{"id":262,"date":"2025-11-01T13:21:39","date_gmt":"2025-11-01T13:21:39","guid":{"rendered":"https:\/\/simplestainless.com\/?page_id=262"},"modified":"2025-11-07T12:09:22","modified_gmt":"2025-11-07T12:09:22","slug":"ota-yhteytta","status":"publish","type":"page","link":"https:\/\/simplestainless.com\/fi\/ota-yhteytta\/","title":{"rendered":"Ota yhteytt\u00e4"},"content":{"rendered":"<section class=\"section\" id=\"section_1286329949\">\n\t\t<div class=\"section-bg fill\" >\n\t\t\t\t\t\t\t\t\t\n\t\t\t\n\n\t\t<\/div>\n\n\t\t\n\n\t\t<div class=\"section-content relative\">\n\t\t\t\n\n<div class=\"row\"  id=\"row-31791006\">\n\n\n\t<div id=\"col-1623813816\" class=\"col medium-7 small-12 large-7\"  >\n\t\t\t\t<div class=\"col-inner\"  >\n\t\t\t\n\t\t\t\n\n\t<div id=\"text-3407293837\" class=\"text\">\n\t\t\n\n<h1>Ota yhteytt\u00e4<\/h1>\n<p>Kysytt\u00e4v\u00e4\u00e4 mittauksesta, pinnoista tai toimituksesta? Autamme sinua varmistamaan kaiken ennen tilauksen tekemist\u00e4.<\/p>\n\t\t\n<style>\n#text-3407293837 {\n  font-size: 1.45rem;\n}\n<\/style>\n\t<\/div>\n\t\n\n\t\t<\/div>\n\t\t\t\t\t<\/div>\n\n\t\n\n<\/div>\n\n\t\t<\/div>\n\n\t\t\n<style>\n#section_1286329949 {\n  padding-top: 30px;\n  padding-bottom: 30px;\n}\n<\/style>\n\t<\/section>\n\t\n\n\t<section class=\"section\" id=\"section_2138718142\">\n\t\t<div class=\"section-bg fill\" >\n\t\t\t\t\t\t\t\t\t\n\t\t\t\n\n\t\t<\/div>\n\n\t\t\n\n\t\t<div class=\"section-content relative\">\n\t\t\t\n\n<div class=\"row\"  id=\"row-854829905\">\n\n\n\t<div id=\"col-1335400446\" class=\"col medium-8 small-12 large-8\"  >\n\t\t\t\t<div class=\"col-inner\"  >\n\t\t\t\n\t\t\t\n\n<div class=\"row\"  id=\"row-1792004592\">\n\n\n\t<div id=\"col-128864257\" class=\"col medium-6 small-12 large-6\"  >\n\t\t\t\t<div class=\"col-inner\"  >\n\t\t\t\n\t<div class=\"is-border\"\n\t\tstyle=\"border-radius:12px;border-width:1px 1px 1px 1px;\">\n\t<\/div>\n\t\t\t\n\n<p><strong>S\u00e4hk\u00f6posti<\/strong><\/p>\n<p>Liit\u00e4 tarvittaessa piirustuksia tai valokuvia.<\/p>\n<a href=\"mailto:info@simplestainless.com\" class=\"button primary lowercase\" style=\"border-radius:10px;\">\n\t\t<span>info@simplestainless.com<\/span>\n\t<\/a>\n\n\n\n\t\t<\/div>\n\t\t\t\t\n<style>\n#col-128864257 > .col-inner {\n  padding: 5% 5% 5% 5%;\n}\n<\/style>\n\t<\/div>\n\n\t\n\n\t<div id=\"col-1022611998\" class=\"col medium-6 small-12 large-6\"  >\n\t\t\t\t<div class=\"col-inner\"  >\n\t\t\t\n\t<div class=\"is-border\"\n\t\tstyle=\"border-radius:12px;border-width:1px 1px 1px 1px;\">\n\t<\/div>\n\t\t\t\n\n<p><strong>Mittausapu<\/strong><\/p>\n<p>Ep\u00e4varma v\u00e4lyksist\u00e4 tai et\u00e4isyyksist\u00e4?<\/p>\n<a href=\"https:\/\/simplestainless.com\/wp-content\/uploads\/2025\/11\/Simple-Stainless-Measurement-Guide.docx.pdf\" target=\"_blank\" class=\"button primary is-outline lowercase\" rel=\"noopener\" style=\"border-radius:10px;\">\n\t\t<span>Avaa mittausopas (PDF)<\/span>\n\t<\/a>\n\n\n\n\t\t<\/div>\n\t\t\t\t\n<style>\n#col-1022611998 > .col-inner {\n  padding: 5% 5% 5% 5%;\n}\n<\/style>\n\t<\/div>\n\n\t\n\n\t<div id=\"col-851060058\" class=\"col small-12 large-12\"  >\n\t\t\t\t<div class=\"col-inner\"  >\n\t\t\t\n\t<div class=\"is-border\"\n\t\tstyle=\"border-radius:12px;border-width:1px 1px 1px 1px;\">\n\t<\/div>\n\t\t\t\n\n<h2>L\u00e4het\u00e4 meille viesti<\/h2>\n\n<div class=\"wpcf7 no-js\" id=\"wpcf7-f302-o1\" lang=\"en-US\" dir=\"ltr\" data-wpcf7-id=\"302\">\n<div class=\"screen-reader-response\"><p role=\"status\" aria-live=\"polite\" aria-atomic=\"true\"><\/p> <ul><\/ul><\/div>\n<form action=\"\/fi\/wp-json\/wp\/v2\/pages\/262#wpcf7-f302-o1\" method=\"post\" class=\"wpcf7-form init\" aria-label=\"Contact form\" enctype=\"multipart\/form-data\" novalidate=\"novalidate\" data-status=\"init\" data-trp-original-action=\"\/fi\/wp-json\/wp\/v2\/pages\/262#wpcf7-f302-o1\">\n<fieldset class=\"hidden-fields-container\"><input type=\"hidden\" name=\"_wpcf7\" value=\"302\" \/><input type=\"hidden\" name=\"_wpcf7_version\" value=\"6.1.4\" \/><input type=\"hidden\" name=\"_wpcf7_locale\" value=\"en_US\" \/><input type=\"hidden\" name=\"_wpcf7_unit_tag\" value=\"wpcf7-f302-o1\" \/><input type=\"hidden\" name=\"_wpcf7_container_post\" value=\"0\" \/><input type=\"hidden\" name=\"_wpcf7_posted_data_hash\" value=\"\" \/>\n<\/fieldset>\n<div class=\"ss-grid\">\n\t<p><label class=\"ss-field\"><br \/>\n<span class=\"ss-label\">Koko nimi<\/span><br \/>\n<span class=\"wpcf7-form-control-wrap\" data-name=\"your-name\"><input size=\"40\" maxlength=\"400\" class=\"wpcf7-form-control wpcf7-text wpcf7-validates-as-required ss-input\" aria-required=\"true\" aria-invalid=\"false\" value=\"\" type=\"text\" name=\"your-name\" \/><\/span><br \/>\n<\/label>\n\t<\/p>\n\t<p><label class=\"ss-field\"><br \/>\n<span class=\"ss-label\">S\u00e4hk\u00f6posti<\/span><br \/>\n<span class=\"wpcf7-form-control-wrap\" data-name=\"your-email\"><input size=\"40\" maxlength=\"400\" class=\"wpcf7-form-control wpcf7-email wpcf7-validates-as-required wpcf7-text wpcf7-validates-as-email ss-input\" aria-required=\"true\" aria-invalid=\"false\" value=\"\" type=\"email\" name=\"your-email\" \/><\/span><br \/>\n<\/label>\n\t<\/p>\n\t<p><label class=\"ss-field\"><br \/>\n<span class=\"ss-label\">Puhelin (valinnainen)<\/span><br \/>\n<span class=\"wpcf7-form-control-wrap\" data-name=\"your-phone\"><input size=\"40\" maxlength=\"400\" class=\"wpcf7-form-control wpcf7-tel wpcf7-text wpcf7-validates-as-tel ss-input\" aria-invalid=\"false\" value=\"\" type=\"tel\" name=\"your-phone\" \/><\/span><br \/>\n<\/label>\n\t<\/p>\n\t<p><label class=\"ss-field\"><br \/>\n<span class=\"ss-label\">Maa<\/span><br \/>\n<span class=\"wpcf7-form-control-wrap\" data-name=\"country\"><select class=\"wpcf7-form-control wpcf7-select wpcf7-validates-as-required\" aria-required=\"true\" aria-invalid=\"false\" name=\"country\"><option value=\"Sweden\">Ruotsi<\/option><option value=\"Germany\">Saksa<\/option><option value=\"France\">Ranska<\/option><option value=\"Netherlands\">Alankomaat<\/option><option value=\"Belgium\">Belgia<\/option><option value=\"Denmark\">Tanska<\/option><option value=\"Norway\">Norja<\/option><option value=\"Finland\">Suomi<\/option><option value=\"United Kingdom\">Yhdistynyt kuningaskunta<\/option><option value=\"Other\">Muut<\/option><\/select><\/span><br \/>\n<\/label>\n\t<\/p>\n\t<p><label class=\"ss-field ss-span-2\"><br \/>\n<span class=\"ss-label\">Aihe<\/span><br \/>\n<span class=\"wpcf7-form-control-wrap\" data-name=\"your-subject\"><input size=\"40\" maxlength=\"400\" class=\"wpcf7-form-control wpcf7-text wpcf7-validates-as-required ss-input\" aria-required=\"true\" aria-invalid=\"false\" placeholder=\"esim. Altaan sijainti \/ StalaTex-pinta \/ Toimitusaika\" value=\"\" type=\"text\" name=\"your-subject\" \/><\/span><br \/>\n<\/label>\n\t<\/p>\n\t<p><label class=\"ss-field ss-span-2\"><br \/>\n<span class=\"ss-label\">Viesti<\/span><br \/>\n<span class=\"wpcf7-form-control-wrap\" data-name=\"your-message\"><textarea cols=\"40\" rows=\"10\" maxlength=\"2000\" class=\"wpcf7-form-control wpcf7-textarea wpcf7-validates-as-required ss-textarea\" aria-required=\"true\" aria-invalid=\"false\" placeholder=\"Kerro meille suunnitelmastasi \u2013 mitat, pinta, allas\/keittotaso, toimitusosoite\u2026\" name=\"your-message\"><\/textarea><\/span><br \/>\n<\/label>\n\t<\/p>\n\t<p><label class=\"ss-field\"><br \/>\n<span class=\"ss-label\">Tilausnumero (jos on)<\/span><br \/>\n<span class=\"wpcf7-form-control-wrap\" data-name=\"order-number\"><input size=\"40\" maxlength=\"400\" class=\"wpcf7-form-control wpcf7-text ss-input\" aria-invalid=\"false\" value=\"\" type=\"text\" name=\"order-number\" \/><\/span><br \/>\n<\/label>\n\t<\/p>\n\t<p><label class=\"ss-field\"><br \/>\n<span class=\"ss-label\">Liitteet (PDF\/JPG\/PNG, enint\u00e4\u00e4n 10 Mt per tiedosto)<\/span><br \/>\n<span class=\"wpcf7-form-control-wrap\" data-name=\"your-files\"><input size=\"40\" class=\"wpcf7-form-control wpcf7-file\" accept=\".pdf,.jpg,.jpeg,.png\" aria-invalid=\"false\" type=\"file\" name=\"your-files\" \/><\/span><br \/>\n<\/label>\n\t<\/p>\n\t<p><label class=\"ss-field\"><br \/>\n<span class=\"ss-label\">Toivottu kieli<\/span><br \/>\n<span class=\"wpcf7-form-control-wrap\" data-name=\"language\"><select class=\"wpcf7-form-control wpcf7-select\" aria-invalid=\"false\" name=\"language\"><option value=\"English\">englanti<\/option><option value=\"Swedish\">ruotsi<\/option><option value=\"German\">saksa<\/option><option value=\"Finnish\">suomi<\/option><\/select><\/span><br \/>\n<\/label>\n\t<\/p>\n\t<p><label class=\"ss-field\"><br \/>\n<span class=\"ss-label\">Miten l\u00f6ysit meid\u00e4t? (valinnainen)<\/span><br \/>\n<span class=\"wpcf7-form-control-wrap\" data-name=\"how-found\"><input size=\"40\" maxlength=\"400\" class=\"wpcf7-form-control wpcf7-text ss-input\" aria-invalid=\"false\" value=\"\" type=\"text\" name=\"how-found\" \/><\/span><br \/>\n<\/label>\n\t<\/p>\n\t<p><label class=\"ss-field ss-span-2\"><br \/>\n<span class=\"wpcf7-form-control-wrap\" data-name=\"privacy\"><span class=\"wpcf7-form-control wpcf7-acceptance\"><span class=\"wpcf7-list-item\"><label><input type=\"checkbox\" name=\"privacy\" value=\"1\" aria-invalid=\"false\" \/><span class=\"wpcf7-list-item-label\"><span class=\"ss-accept\">Hyv\u00e4ksyn <a href=\"\/fi\/privacy\/\" target=\"_blank\" rel=\"noopener\">Tietosuojak\u00e4yt\u00e4nt\u00f6<\/a> ja sallin Simple Stainlessin ottaa minuun yhteytt\u00e4 pyynt\u00f6ni tiimoilta.<\/span><\/span><\/label><\/span><\/span><\/span><br \/>\n<\/label>\n\t<\/p>\n\t<div class=\"ss-actions ss-span-2\">\n\t\t<p><input class=\"wpcf7-form-control wpcf7-submit has-spinner ss-btn\" type=\"submit\" value=\"L\u00e4het\u00e4 viesti\" \/><br \/>\n<span class=\"ss-note\">Tyypillinen vastausaika: yhden arkip\u00e4iv\u00e4n kuluessa.<\/span>\n\t\t<\/p>\n\t<\/div>\n<\/div><div class=\"wpcf7-response-output\" aria-hidden=\"true\"><\/div>\n<input type=\"hidden\" name=\"trp-form-language\" value=\"fi\"\/><\/form>\n<\/div>\n\n\n\n\t\t<\/div>\n\t\t\t\t\n<style>\n#col-851060058 > .col-inner {\n  padding: 2.5% 2.5% 2.5% 2.5%;\n}\n<\/style>\n\t<\/div>\n\n\t\n\n<\/div>\n\n\t\t<\/div>\n\t\t\t\t\t<\/div>\n\n\t\n\n\t<div id=\"col-1352975354\" class=\"col medium-4 small-12 large-4\"  >\n\t\t<div class=\"is-sticky-column\"><div class=\"is-sticky-column__inner\">\t\t<div class=\"col-inner\"  >\n\t\t\t\n\t<div class=\"is-border\"\n\t\tstyle=\"border-radius:12px;border-width:1px 1px 1px 1px;\">\n\t<\/div>\n\t\t\t\n\n<h2>Tukipalvelun aukioloajat<\/h2>\n<p>Ma\u2013pe 09.00\u201317.00 (CET) (englanniksi\/suomeksi\/ruotsiksi)<\/p>\n\t<div id=\"gap-2043996626\" class=\"gap-element clearfix\" style=\"display:block; height:auto;\">\n\t\t\n<style>\n#gap-2043996626 {\n  padding-top: 9%;\n}\n<\/style>\n\t<\/div>\n\t\n\n\t<div id=\"text-4155150844\" class=\"text\">\n\t\t\n\n<p><strong>Hy\u00f6dyllisi\u00e4 linkkej\u00e4<\/strong><\/p>\n<p><a href=\"https:\/\/simplestainless.com\/wp-content\/uploads\/2025\/11\/Simple-Stainless-Measurement-Guide.docx.pdf\">Mittausopas (PDF)<\/a><\/p>\n<p><a href=\"https:\/\/simplestainless.com\/fi\/toimitus-ja-toimitus\/\">Toimitus ja toimitus<\/a><\/p>\n<p><a href=\"https:\/\/simplestainless.com\/fi\/kayttoehdot\/\">Ehdot<\/a><\/p>\n<p><a href=\"#faq\">Usein kysytyt kysymykset (FAQ)<\/a><\/p>\n\t\t\n<style>\n#text-4155150844 {\n  line-height: 0.75;\n}\n<\/style>\n\t<\/div>\n\t\n\t<div id=\"gap-1911084522\" class=\"gap-element clearfix\" style=\"display:block; height:auto;\">\n\t\t\n<style>\n#gap-1911084522 {\n  padding-top: 9%;\n}\n<\/style>\n\t<\/div>\n\t\n\n<div class=\"row\"  id=\"row-2138144111\">\n\n\n\t<div id=\"col-926017807\" class=\"col small-12 large-12\"  >\n\t\t\t\t<div class=\"col-inner box-shadow-1\" style=\"background-color:#f8fafc;\" >\n\t\t\t\n\t<div class=\"is-border\"\n\t\tstyle=\"border-radius:12px;border-width:1px 1px 1px 1px;\">\n\t<\/div>\n\t\t\t\n\n<p><strong>Vinkki:\u00a0<\/strong>jos olet ep\u00e4varma altaan tai keittotason sijoittelusta, liit\u00e4 kuva tilastasi ja nopea mittapiirros \u2013 tarkistamme v\u00e4lykset puolestasi.<\/p>\n\n\t\t<\/div>\n\t\t\t\t\n<style>\n#col-926017807 > .col-inner {\n  padding: 5% 5% 5% 5%;\n  border-radius: 12px;\n}\n<\/style>\n\t<\/div>\n\n\t\n\n<\/div>\n\n\t\t<\/div>\n\t\t<\/div><\/div>\t\t\n<style>\n#col-1352975354 > .is-sticky-column > .is-sticky-column__inner > .col-inner {\n  padding: 5% 5% 5% 5%;\n}\n<\/style>\n\t<\/div>\n\n\t\n\n<\/div>\n\n\t\t<\/div>\n\n\t\t\n<style>\n#section_2138718142 {\n  padding-top: 30px;\n  padding-bottom: 30px;\n}\n<\/style>\n\t<\/section>\n\t\n\n\t<section class=\"section\" id=\"section_1403375161\">\n\t\t<div class=\"section-bg fill\" >\n\t\t\t\t\t\t\t\t\t\n\t\t\t\n\n\t\t<\/div>\n\n\t\t\n\n\t\t<div class=\"section-content relative\">\n\t\t\t\n\n<div class=\"row\"  id=\"row-959651492\">\n\n\n\t<div id=\"col-1683229986\" class=\"col small-12 large-12\"  >\n\t\t\t\t<div class=\"col-inner\"  >\n\t\t\t\n\t<div class=\"is-border\"\n\t\tstyle=\"border-radius:12px;border-width:1px 1px 1px 1px;\">\n\t<\/div>\n\t\t\t\n\n<span class=\"scroll-to\" data-label=\"Scroll to: #faq\" data-bullet=\"false\" data-link=\"#faq\" data-title=\"Faq\"><a name=\"faq\"><\/a><\/span>\n\n<div class=\"row\"  id=\"row-393327390\">\n\n\n\t<div id=\"col-78371134\" class=\"col medium-6 small-12 large-6\"  >\n\t\t\t\t<div class=\"col-inner\"  >\n\t\t\t\n\t\t\t\n\n<div class=\"accordion\">\n\n\t<div id=\"accordion-2309071906\" class=\"accordion-item\">\n\t\t<a id=\"accordion-2309071906-label\" class=\"accordion-title plain\" href=\"#accordion-item-can-you-check-my-measurements-before-i-order?\" aria-expanded=\"false\" aria-controls=\"accordion-2309071906-content\">\n\t\t\t<button class=\"toggle\" aria-label=\"Toggle\"><i class=\"icon-angle-down\" aria-hidden=\"true\"><\/i><\/button>\n\t\t\t<span>Voitteko tarkistaa mittani ennen tilausta?<\/span>\n\t\t<\/a>\n\t\t<div id=\"accordion-2309071906-content\" class=\"accordion-inner\" aria-labelledby=\"accordion-2309071906-label\">\n\t\t\t\n\n<p>Kyll\u00e4, liit\u00e4 mittapiirros tai valokuva mittoineen, niin varmistamme turvalliset v\u00e4lykset altaalle, keittotasolle ja hanoille.<\/p>\n\n\t\t<\/div>\n\t<\/div>\n\t\n\t<div id=\"accordion-3937022095\" class=\"accordion-item\">\n\t\t<a id=\"accordion-3937022095-label\" class=\"accordion-title plain\" href=\"#accordion-item-do-you-deliver-to-my-address?\" aria-expanded=\"false\" aria-controls=\"accordion-3937022095-content\">\n\t\t\t<button class=\"toggle\" aria-label=\"Toggle\"><i class=\"icon-angle-down\" aria-hidden=\"true\"><\/i><\/button>\n\t\t\t<span>Toimitatteko osoitteeseeni?<\/span>\n\t\t<\/a>\n\t\t<div id=\"accordion-3937022095-content\" class=\"accordion-inner\" aria-labelledby=\"accordion-3937022095-label\">\n\t\t\t\n\n<p>Toimitamme t\u00e4ll\u00e4 hetkell\u00e4 kaikkialle Suomeen. Saatavuus ja toimitusajat n\u00e4kyv\u00e4t kassalla.<\/p>\n\n\t\t<\/div>\n\t<\/div>\n\t\n\t<div id=\"accordion-4071790027\" class=\"accordion-item\">\n\t\t<a id=\"accordion-4071790027-label\" class=\"accordion-title plain\" href=\"#accordion-item-how-long-is-the-lead-time?\" aria-expanded=\"false\" aria-controls=\"accordion-4071790027-content\">\n\t\t\t<button class=\"toggle\" aria-label=\"Toggle\"><i class=\"icon-angle-down\" aria-hidden=\"true\"><\/i><\/button>\n\t\t\t<span>Kuinka pitk\u00e4 on toimitusaika?<\/span>\n\t\t<\/a>\n\t\t<div id=\"accordion-4071790027-content\" class=\"accordion-inner\" aria-labelledby=\"accordion-4071790027-label\">\n\t\t\t\n\n<p>Tavallinen tuotanto- ja toimitusaika n\u00e4kyy kassalla sek\u00e4 tilausvahvistuksessa.<\/p>\n\n\t\t<\/div>\n\t<\/div>\n\t\n\t<div id=\"accordion-3074689256\" class=\"accordion-item\">\n\t\t<a id=\"accordion-3074689256-label\" class=\"accordion-title plain\" href=\"#accordion-item-can-i-cancel-or-change-my-order?\" aria-expanded=\"false\" aria-controls=\"accordion-3074689256-content\">\n\t\t\t<button class=\"toggle\" aria-label=\"Toggle\"><i class=\"icon-angle-down\" aria-hidden=\"true\"><\/i><\/button>\n\t\t\t<span>Voinko peruuttaa tai muuttaa tilaustani?<\/span>\n\t\t<\/a>\n\t\t<div id=\"accordion-3074689256-content\" class=\"accordion-inner\" aria-labelledby=\"accordion-3074689256-label\">\n\t\t\t\n\n<p>Ei. Kaikki tilaukset valmistetaan mittatilausty\u00f6n\u00e4 konfiguraattorissa antamiesi tietojen perusteella, eik\u00e4 niit\u00e4 voi muuttaa tai peruuttaa oston j\u00e4lkeen. Tarkista siis huolellisesti kaikki mitat ja valinnat ennen tilauksen vahvistamista.<\/p>\n\n\t\t<\/div>\n\t<\/div>\n\t\n\t<div id=\"accordion-54796088\" class=\"accordion-item\">\n\t\t<a id=\"accordion-54796088-label\" class=\"accordion-title plain\" href=\"#accordion-item-is-there-a-right-of-withdrawal-(returns)?\" aria-expanded=\"false\" aria-controls=\"accordion-54796088-content\">\n\t\t\t<button class=\"toggle\" aria-label=\"Toggle\"><i class=\"icon-angle-down\" aria-hidden=\"true\"><\/i><\/button>\n\t\t\t<span>Onko minulla peruutusoikeus (palautus)?<\/span>\n\t\t<\/a>\n\t\t<div id=\"accordion-54796088-content\" class=\"accordion-inner\" aria-labelledby=\"accordion-54796088-label\">\n\t\t\t\n\n<p>Ei, mittatilaustuotteet eiv\u00e4t kuulu 14 p\u00e4iv\u00e4n peruutusoikeuden piiriin. Kuljetusvauriot tai viat k\u00e4sitell\u00e4\u00e4n erillisen k\u00e4yt\u00e4nt\u00f6mme mukaisesti.<\/p>\n\n\t\t<\/div>\n\t<\/div>\n\t\n\t<div id=\"accordion-2022827212\" class=\"accordion-item\">\n\t\t<a id=\"accordion-2022827212-label\" class=\"accordion-title plain\" href=\"#accordion-item-what-happens-if-the-product-arrives-damaged?\" aria-expanded=\"false\" aria-controls=\"accordion-2022827212-content\">\n\t\t\t<button class=\"toggle\" aria-label=\"Toggle\"><i class=\"icon-angle-down\" aria-hidden=\"true\"><\/i><\/button>\n\t\t\t<span>Mit\u00e4 tapahtuu, jos tuote saapuu vaurioituneena?<\/span>\n\t\t<\/a>\n\t\t<div id=\"accordion-2022827212-content\" class=\"accordion-inner\" aria-labelledby=\"accordion-2022827212-label\">\n\t\t\t\n\n<p>Ota valokuvat pakkauksesta ja tuotteesta 24\u201348 tunnin kuluessa ja ota meihin yhteytt\u00e4 \u2013 valmistamme uuden tuotteen tai hyvit\u00e4mme ostoksen kuljetusvauriok\u00e4yt\u00e4nt\u00f6mme mukaisesti.<\/p>\n\n\t\t<\/div>\n\t<\/div>\n\t\n\n<\/div>\n\n\t\t<\/div>\n\t\t\t\t\n<style>\n#col-78371134 > .col-inner {\n  padding: 0px 0px 0px 1%;\n}\n<\/style>\n\t<\/div>\n\n\t\n\n\t<div id=\"col-1735985669\" class=\"col medium-6 small-12 large-6\"  >\n\t\t\t\t<div class=\"col-inner\"  >\n\t\t\t\n\t\t\t\n\n<div class=\"accordion\">\n\n\t<div id=\"accordion-3020589148\" class=\"accordion-item\">\n\t\t<a id=\"accordion-3020589148-label\" class=\"accordion-title plain\" href=\"#accordion-item-what-finishes-are-available-(smooth-\/-stalatex)?\" aria-expanded=\"false\" aria-controls=\"accordion-3020589148-content\">\n\t\t\t<button class=\"toggle\" aria-label=\"Toggle\"><i class=\"icon-angle-down\" aria-hidden=\"true\"><\/i><\/button>\n\t\t\t<span>Mit\u00e4 pintavaihtoehtoja on saatavilla (sile\u00e4 \/ StalaTex)?<\/span>\n\t\t<\/a>\n\t\t<div id=\"accordion-3020589148-content\" class=\"accordion-inner\" aria-labelledby=\"accordion-3020589148-label\">\n\t\t\t\n\n<p>Ty\u00f6tasot ja taustalevyt ovat saatavilla sile\u00e4pintaisina tai StalaTex\u00ae-kuvioilla. N\u00e4ytteit\u00e4 tai kuvia voidaan toimittaa pyynn\u00f6st\u00e4.<\/p>\n\n\t\t<\/div>\n\t<\/div>\n\t\n\t<div id=\"accordion-1453407787\" class=\"accordion-item\">\n\t\t<a id=\"accordion-1453407787-label\" class=\"accordion-title plain\" href=\"#accordion-item-which-payment-methods-do-you-accept?\" aria-expanded=\"false\" aria-controls=\"accordion-1453407787-content\">\n\t\t\t<button class=\"toggle\" aria-label=\"Toggle\"><i class=\"icon-angle-down\" aria-hidden=\"true\"><\/i><\/button>\n\t\t\t<span>Mit\u00e4 maksutapoja hyv\u00e4ksytte?<\/span>\n\t\t<\/a>\n\t\t<div id=\"accordion-1453407787-content\" class=\"accordion-inner\" aria-labelledby=\"accordion-1453407787-label\">\n\t\t\t\n\n<p>Korttimaksut (Visa\/Mastercard\/AmEx) sek\u00e4 valikoidut paikalliset maksutavat, jotka n\u00e4kyv\u00e4t kassalla.\u00a0<\/p>\n\n\t\t<\/div>\n\t<\/div>\n\t\n\t<div id=\"accordion-751050985\" class=\"accordion-item\">\n\t\t<a id=\"accordion-751050985-label\" class=\"accordion-title plain\" href=\"#accordion-item-do-you-provide-installation?\" aria-expanded=\"false\" aria-controls=\"accordion-751050985-content\">\n\t\t\t<button class=\"toggle\" aria-label=\"Toggle\"><i class=\"icon-angle-down\" aria-hidden=\"true\"><\/i><\/button>\n\t\t\t<span>Tarjoatteko asennuspalvelua?<\/span>\n\t\t<\/a>\n\t\t<div id=\"accordion-751050985-content\" class=\"accordion-inner\" aria-labelledby=\"accordion-751050985-label\">\n\t\t\t\n\n<p>Emme tarjoa asennuspalvelua. Toimitamme kuitenkin ohjeet kiinnitykseen, tiivistykseen ja k\u00e4sittelyyn.<\/p>\n\n\t\t<\/div>\n\t<\/div>\n\t\n\t<div id=\"accordion-1563106434\" class=\"accordion-item\">\n\t\t<a id=\"accordion-1563106434-label\" class=\"accordion-title plain\" href=\"#accordion-item-can-you-come-and-measure?\" aria-expanded=\"false\" aria-controls=\"accordion-1563106434-content\">\n\t\t\t<button class=\"toggle\" aria-label=\"Toggle\"><i class=\"icon-angle-down\" aria-hidden=\"true\"><\/i><\/button>\n\t\t\t<span>Voitteko tulla mittaamaan paikan p\u00e4\u00e4lle?<\/span>\n\t\t<\/a>\n\t\t<div id=\"accordion-1563106434-content\" class=\"accordion-inner\" aria-labelledby=\"accordion-1563106434-label\">\n\t\t\t\n\n<p>Emme t\u00e4ll\u00e4 hetkell\u00e4. Tarjoamme mittausoppaan ja voimme tarkistaa piirroksesi tai valokuvasi.<\/p>\n\n\t\t<\/div>\n\t<\/div>\n\t\n\t<div id=\"accordion-1349528578\" class=\"accordion-item\">\n\t\t<a id=\"accordion-1349528578-label\" class=\"accordion-title plain\" href=\"#accordion-item-can-i-order-a-splashback-only?\" aria-expanded=\"false\" aria-controls=\"accordion-1349528578-content\">\n\t\t\t<button class=\"toggle\" aria-label=\"Toggle\"><i class=\"icon-angle-down\" aria-hidden=\"true\"><\/i><\/button>\n\t\t\t<span>Voinko tilata pelk\u00e4n v\u00e4litilalevyn?<\/span>\n\t\t<\/a>\n\t\t<div id=\"accordion-1349528578-content\" class=\"accordion-inner\" aria-labelledby=\"accordion-1349528578-label\">\n\t\t\t\n\n<p>Kyll\u00e4, ilmoita korkeus ja leveys.<\/p>\n\n\t\t<\/div>\n\t<\/div>\n\t\n\t<div id=\"accordion-2412792682\" class=\"accordion-item\">\n\t\t<a id=\"accordion-2412792682-label\" class=\"accordion-title plain\" href=\"#accordion-item-how-do-i-care-for-stainless-(and-stalatex)?\" aria-expanded=\"false\" aria-controls=\"accordion-2412792682-content\">\n\t\t\t<button class=\"toggle\" aria-label=\"Toggle\"><i class=\"icon-angle-down\" aria-hidden=\"true\"><\/i><\/button>\n\t\t\t<span>Kuinka hoidan ruostumatonta ter\u00e4st\u00e4 (ja StalaTex-pintaa)?<\/span>\n\t\t<\/a>\n\t\t<div id=\"accordion-2412792682-content\" class=\"accordion-inner\" aria-labelledby=\"accordion-2412792682-label\">\n\t\t\t\n\n<p>K\u00e4yt\u00e4 mietoa puhdistusainetta ja pehme\u00e4\u00e4 liinaa; v\u00e4lt\u00e4 hankaavia aineita ja klooria. Kuivaa pinnan harjauksen tai kuvion suuntaisesti.<\/p>\n\n\t\t<\/div>\n\t<\/div>\n\t\n\n<\/div>\n\n\t\t<\/div>\n\t\t\t\t\n<style>\n#col-1735985669 > .col-inner {\n  padding: 0px 1% 0px 0px;\n}\n<\/style>\n\t<\/div>\n\n\t\n\n<\/div>\n\n\t\t<\/div>\n\t\t\t\t\t<\/div>\n\n\t\n\n<\/div>\n\n\t\t<\/div>\n\n\t\t\n<style>\n#section_1403375161 {\n  padding-top: 30px;\n  padding-bottom: 30px;\n}\n<\/style>\n\t<\/section>","protected":false},"excerpt":{"rendered":"","protected":false},"author":1,"featured_media":0,"parent":0,"menu_order":0,"comment_status":"closed","ping_status":"closed","template":"","meta":{"footnotes":""},"class_list":["post-262","page","type-page","status-publish","hentry"],"_links":{"self":[{"href":"https:\/\/simplestainless.com\/fi\/wp-json\/wp\/v2\/pages\/262","targetHints":{"allow":["GET"]}}],"collection":[{"href":"https:\/\/simplestainless.com\/fi\/wp-json\/wp\/v2\/pages"}],"about":[{"href":"https:\/\/simplestainless.com\/fi\/wp-json\/wp\/v2\/types\/page"}],"author":[{"embeddable":true,"href":"https:\/\/simplestainless.com\/fi\/wp-json\/wp\/v2\/users\/1"}],"replies":[{"embeddable":true,"href":"https:\/\/simplestainless.com\/fi\/wp-json\/wp\/v2\/comments?post=262"}],"version-history":[{"count":2,"href":"https:\/\/simplestainless.com\/fi\/wp-json\/wp\/v2\/pages\/262\/revisions"}],"predecessor-version":[{"id":305,"href":"https:\/\/simplestainless.com\/fi\/wp-json\/wp\/v2\/pages\/262\/revisions\/305"}],"wp:attachment":[{"href":"https:\/\/simplestainless.com\/fi\/wp-json\/wp\/v2\/media?parent=262"}],"curies":[{"name":"wp","href":"https:\/\/api.w.org\/{rel}","templated":true}]}}