{"id":487,"date":"2025-11-11T12:17:40","date_gmt":"2025-11-11T12:17:40","guid":{"rendered":"https:\/\/simplestainless.com\/?page_id=487"},"modified":"2025-11-11T13:36:11","modified_gmt":"2025-11-11T13:36:11","slug":"toimitus-ja-toimitus","status":"publish","type":"page","link":"https:\/\/simplestainless.com\/fi\/toimitus-ja-toimitus\/","title":{"rendered":"Toimitus ja toimitus"},"content":{"rendered":"<section class=\"section\" id=\"section_1587463794\">\n\t\t<div class=\"section-bg fill\" >\n\t\t\t\t\t\t\t\t\t\n\t\t\t\n\n\t\t<\/div>\n\n\t\t\n\n\t\t<div class=\"section-content relative\">\n\t\t\t\n\n<div class=\"row\"  id=\"row-635757284\">\n\n\n\t<div id=\"col-1850608872\" class=\"col small-12 large-12\"  >\n\t\t\t\t<div class=\"col-inner\"  >\n\t\t\t\n\t\t\t\n\n<h1>Toimitus ja toimitus<\/h1>\n<p>Kotiinkuljetus \u2013 <strong>Tavallinen toimitusaika 10\u201313 arkip\u00e4iv\u00e4\u00e4<\/strong><\/p>\n\n\t\t<\/div>\n\t\t\t\t\t<\/div>\n\n\t\n\n<\/div>\n\n\t\t<\/div>\n\n\t\t\n<style>\n#section_1587463794 {\n  padding-top: 30px;\n  padding-bottom: 30px;\n  background-color: #f5f7fc;\n}\n<\/style>\n\t<\/section>\n\t\n<div class=\"row\"  id=\"row-460499064\">\n\n\n\t<div id=\"col-816831953\" class=\"col small-12 large-12\"  >\n\t\t\t\t<div class=\"col-inner\"  >\n\t\t\t\n\t<div class=\"is-border\"\n\t\tstyle=\"border-radius:12px;border-width:1px 1px 1px 1px;\">\n\t<\/div>\n\t\t\t\n\n\t<div id=\"text-4101454643\" class=\"text\">\n\t\t\n\n<p>Mittatilausty\u00f6n\u00e4 valmistetut ruostumattomat tuotteet tehd\u00e4\u00e4n tilauksesta. N\u00e4yt\u00e4mme arvioidun toimitusajan kassalla ja vahvistamme sen s\u00e4hk\u00f6postitse oston j\u00e4lkeen. Toimitukset tehd\u00e4\u00e4n kotiinkuljetuksena (kadunvarteen tai ensimm\u00e4iseen saavutettavissa olevaan pisteeseen) kuljetusliikkeen ennakkoilmoituksella.<\/p>\n\t\t\n<style>\n#text-4101454643 {\n  font-size: 1.35rem;\n}\n<\/style>\n\t<\/div>\n\t\n<div class=\"row\"  id=\"row-341526646\">\n\n\n\t<div id=\"col-1034296132\" class=\"col medium-4 small-12 large-4\"  >\n\t\t\t\t<div class=\"col-inner\"  >\n\t\t\t\n\t<div class=\"is-border\"\n\t\tstyle=\"border-radius:12px;border-width:1px 1px 1px 1px;\">\n\t<\/div>\n\t\t\t\n\n\t<div id=\"text-1727096891\" class=\"text\">\n\t\t\n\n<p><span style=\"font-size: 150%;\"><strong>10\u201313 pv<\/strong><\/span><\/p>\n<p>Tavallinen toimitusaika*<\/p>\n\t\t\n<style>\n#text-1727096891 {\n  text-align: center;\n}\n<\/style>\n\t<\/div>\n\t\n\n\t\t<\/div>\n\t\t\t\t\n<style>\n#col-1034296132 > .col-inner {\n  padding: 1% 5% 1% 5%;\n}\n<\/style>\n\t<\/div>\n\n\t\n\n\t<div id=\"col-811461726\" class=\"col medium-4 small-12 large-4\"  >\n\t\t\t\t<div class=\"col-inner\"  >\n\t\t\t\n\t<div class=\"is-border\"\n\t\tstyle=\"border-radius:12px;border-width:1px 1px 1px 1px;\">\n\t<\/div>\n\t\t\t\n\n\t<div id=\"text-1944699133\" class=\"text\">\n\t\t\n\n<p><span style=\"font-size: 150%;\"><strong>Kotiinkuljetus<\/strong><\/span><\/p>\n<p>Kadunvarsitoimitus<\/p>\n\t\t\n<style>\n#text-1944699133 {\n  text-align: center;\n}\n<\/style>\n\t<\/div>\n\t\n\n\t\t<\/div>\n\t\t\t\t\n<style>\n#col-811461726 > .col-inner {\n  padding: 1% 5% 1% 5%;\n}\n<\/style>\n\t<\/div>\n\n\t\n\n\t<div id=\"col-1369903145\" class=\"col medium-4 small-12 large-4\"  >\n\t\t\t\t<div class=\"col-inner\"  >\n\t\t\t\n\t<div class=\"is-border\"\n\t\tstyle=\"border-radius:12px;border-width:1px 1px 1px 1px;\">\n\t<\/div>\n\t\t\t\n\n\t<div id=\"text-670684032\" class=\"text\">\n\t\t\n\n<p><span style=\"font-size: 150%;\"><strong>Suomi<\/strong><\/span><\/p>\n<p>Nykyinen toimitusalue<\/p>\n\t\t\n<style>\n#text-670684032 {\n  text-align: center;\n}\n<\/style>\n\t<\/div>\n\t\n\n\t\t<\/div>\n\t\t\t\t\n<style>\n#col-1369903145 > .col-inner {\n  padding: 1% 5% 1% 5%;\n}\n<\/style>\n\t<\/div>\n\n\t\n\n<\/div>\n\t<div id=\"text-2631452769\" class=\"text\">\n\t\t\n\n<p>*Arkip\u00e4ivi\u00e4, riippuen ty\u00f6kuormasta, valinnoista ja sijainnista. Tarkka toimitusp\u00e4iv\u00e4 ilmoitetaan kuljetusliikkeen aikataulutuksessa.<\/p>\n\t\t\n<style>\n#text-2631452769 {\n  font-size: 0.9rem;\n  line-height: 0.75;\n  color: rgb(48, 48, 48);\n}\n#text-2631452769 > * {\n  color: rgb(48, 48, 48);\n}\n<\/style>\n\t<\/div>\n\t\n<a href=\"https:\/\/simplestainless.com\/fi\/ota-yhteytta\/\" class=\"button primary\" style=\"border-radius:12px;\">\n\t\t<span>Kysytt\u00e4v\u00e4\u00e4? Ota yhteytt\u00e4<\/span>\n\t<\/a>\n\n\n<a href=\"https:\/\/simplestainless.com\/fi\/meista\/\" class=\"button primary is-outline\" style=\"border-radius:12px;\">\n\t\t<span>Lue lis\u00e4\u00e4 meist\u00e4<\/span>\n\t<\/a>\n\n\n\n\t\t<\/div>\n\t\t\t\t\n<style>\n#col-816831953 > .col-inner {\n  padding: 2% 2% 0% 2%;\n}\n<\/style>\n\t<\/div>\n\n\t\n\n<\/div>\n<div class=\"row\"  id=\"row-215749300\">\n\n\n\t<div id=\"col-1936716820\" class=\"col small-12 large-12\"  >\n\t\t\t\t<div class=\"col-inner\"  >\n\t\t\t\n\t\t\t\n\n<div class=\"is-divider divider clearfix\" style=\"max-width:100%;height:1px;\"><\/div>\n\n\n\t\t<\/div>\n\t\t\t\t\t<\/div>\n\n\t\n\n<\/div>\n<div class=\"row align-equal\"  id=\"row-948843305\">\n\n\n\t<div id=\"col-398975568\" class=\"col medium-6 small-12 large-6\"  >\n\t\t\t\t<div class=\"col-inner\"  >\n\t\t\t\n\t<div class=\"is-border\"\n\t\tstyle=\"border-radius:12px;border-width:1px 1px 1px 1px;\">\n\t<\/div>\n\t\t\t\n\n<h2>N\u00e4in toimitus toimii<\/h2>\n<ol>\n<li><strong>Tuotanto<\/strong> alkaa, kun maksu on suoritettu onnistuneesti. Ty\u00f6taso tai v\u00e4litilalaatta valmistetaan valitsemiesi asetusten mukaisesti.<\/li>\n<li><strong>Pakkaus<\/strong>: lavalle asetettuna, reunasuojilla ja kulmasuojilla varustettuna sek\u00e4 iskuilmaisimella.\u00a0<\/li>\n<li><strong>Ennakkoilmoitus<\/strong>: kuljetusliike ottaa sinuun yhteytt\u00e4 (tekstiviesti\/puhelu\/s\u00e4hk\u00f6posti) toimituksen ajankohdan sopimiseksi.<\/li>\n<li><strong>Kotiinkuljetus<\/strong>: kadunvarteen tai ensimm\u00e4iseen saavutettavissa olevaan pisteeseen osoitteessasi (katutasolle, ellei toisin ole sovittu).<\/li>\n<\/ol>\n<div class=\"row\"  id=\"row-1912098966\">\n\n\n\t<div id=\"col-1533462424\" class=\"col small-12 large-12\"  >\n\t\t\t\t<div class=\"col-inner\" style=\"background-color:#f8fafc;\" >\n\t\t\t\n\t<div class=\"is-border\"\n\t\tstyle=\"border-radius:12px;border-width:1px 1px 1px 1px;\">\n\t<\/div>\n\t\t\t\n\n\t<div id=\"text-2727416743\" class=\"text\">\n\t\t\n\n<p>Vinkki: varaa kaksi henkil\u00f6\u00e4 vastaanottamaan painavat tai pitk\u00e4t tuotteet. Ruostumaton ter\u00e4s on j\u00e4ykk\u00e4\u00e4, mutta reunat on suojattava.<\/p>\n\t\t\n<style>\n#text-2727416743 {\n  color: rgb(75, 75, 75);\n}\n#text-2727416743 > * {\n  color: rgb(75, 75, 75);\n}\n<\/style>\n\t<\/div>\n\t\n\n\t\t<\/div>\n\t\t\t\t\n<style>\n#col-1533462424 > .col-inner {\n  padding: 2% 2% 2% 2%;\n  border-radius: 12px;\n}\n<\/style>\n\t<\/div>\n\n\t\n\n<\/div>\n\n\t\t<\/div>\n\t\t\t\t\n<style>\n#col-398975568 > .col-inner {\n  padding: 5% 5% 5% 5%;\n}\n<\/style>\n\t<\/div>\n\n\t\n\n\t<div id=\"col-1315767141\" class=\"col medium-6 small-12 large-6\"  >\n\t\t\t\t<div class=\"col-inner\"  >\n\t\t\t\n\t<div class=\"is-border\"\n\t\tstyle=\"border-radius:12px;border-width:1px 1px 1px 1px;\">\n\t<\/div>\n\t\t\t\n\n<h2>Toimitusajat ja aikav\u00e4lit<\/h2>\n<p>Tavallinen toimitusaika on <strong>10\u201313 arkip\u00e4iv\u00e4\u00e4<\/strong>. Maaseutu- tai syrj\u00e4seuduille toimitettaessa tai erikoisvaihtoehdoilla aika voi pidenty\u00e4.<\/p>\n<table class=\"table\" aria-label=\"Tavallinen toimitusaika\">\n<thead>\n<tr>\n<th>Alue<\/th>\n<th>Tavallinen<\/th>\n<th>Huomautukset<\/th>\n<\/tr>\n<\/thead>\n<tbody>\n<tr>\n<td>P\u00e4\u00e4kaupunkiseudut<\/td>\n<td>10\u201312 pv<\/td>\n<td>Joustavat toimitusajat<\/td>\n<\/tr>\n<tr>\n<td>Maaseutu \/ syrj\u00e4seudut<\/td>\n<td>12\u201313 pv<\/td>\n<td>Rajoitetut reitit; lis\u00e4\u00e4 1\u20132 p\u00e4iv\u00e4\u00e4<\/td>\n<\/tr>\n<\/tbody>\n<\/table>\n<p class=\"small muted\">Juhlapyh\u00e4t ja s\u00e4\u00e4olosuhteet voivat vaikuttaa reitteihin. Ilmoitamme sinulle, jos muutoksia ilmenee.<\/p>\n\n\t\t<\/div>\n\t\t\t\t\n<style>\n#col-1315767141 > .col-inner {\n  padding: 5% 5% 5% 5%;\n}\n<\/style>\n\t<\/div>\n\n\t\n\n<\/div>\n<div class=\"row align-equal\"  id=\"row-1798220943\">\n\n\n\t<div id=\"col-13282735\" class=\"col medium-6 small-12 large-6\"  >\n\t\t\t\t<div class=\"col-inner\"  >\n\t\t\t\n\t<div class=\"is-border\"\n\t\tstyle=\"border-radius:12px;border-width:1px 1px 1px 1px;\">\n\t<\/div>\n\t\t\t\n\n<h2>Vastaanotto ja tarkastus<\/h2>\n<ul class=\"list-compact\">\n<li>Tarkista pakkaus toimituksen yhteydess\u00e4. Merkitse n\u00e4kyv\u00e4t vauriot kuljettajan laitteeseen tai rahtikirjaan.<\/li>\n<li>Ota valokuvat mahdollisista vaurioista (pakkaus + tuote) v\u00e4litt\u00f6m\u00e4sti.<\/li>\n<li><strong>Piilovaurioista<\/strong> on ilmoitettava meille <strong>48 tunnin kuluessa<\/strong> ja liitett\u00e4v\u00e4 mukaan valokuvat<\/li>\n<li>S\u00e4ilyt\u00e4 pakkaus, kunnes asiasi on arvioitu.<\/li>\n<\/ul>\n<div class=\"row\"  id=\"row-1959245814\">\n\n\n\t<div id=\"col-2130495646\" class=\"col small-12 large-12\"  >\n\t\t\t\t<div class=\"col-inner\" style=\"background-color:#f8fafc;\" >\n\t\t\t\n\t<div class=\"is-border\"\n\t\tstyle=\"border-radius:12px;border-width:1px 1px 1px 1px;\">\n\t<\/div>\n\t\t\t\n\n\t<div id=\"text-3602814663\" class=\"text\">\n\t\t\n\n<p>Valmistamme tuotteen uudelleen tai hyvit\u00e4mme sen kuljetusvauriok\u00e4yt\u00e4nt\u00f6mme mukaisesti. Mittatilaustuotteita ei voida myyd\u00e4 uudelleen \u2013 k\u00e4sittele niit\u00e4 varoen.<\/p>\n\t\t\n<style>\n#text-3602814663 {\n  color: rgb(75, 75, 75);\n}\n#text-3602814663 > * {\n  color: rgb(75, 75, 75);\n}\n<\/style>\n\t<\/div>\n\t\n\n\t\t<\/div>\n\t\t\t\t\n<style>\n#col-2130495646 > .col-inner {\n  padding: 2% 2% 2% 2%;\n  border-radius: 12px;\n}\n<\/style>\n\t<\/div>\n\n\t\n\n<\/div>\n\n\t\t<\/div>\n\t\t\t\t\n<style>\n#col-13282735 > .col-inner {\n  padding: 5% 5% 5% 5%;\n}\n<\/style>\n\t<\/div>\n\n\t\n\n\t<div id=\"col-627809168\" class=\"col medium-6 small-12 large-6\"  >\n\t\t\t\t<div class=\"col-inner\"  >\n\t\t\t\n\t<div class=\"is-border\"\n\t\tstyle=\"border-radius:12px;border-width:1px 1px 1px 1px;\">\n\t<\/div>\n\t\t\t\n\n<h2>Jos toimitus j\u00e4\u00e4 vastaanottamatta<\/h2>\n<ul class=\"list-compact\">\n<li>Kuljetusliikkeet yritt\u00e4v\u00e4t yleens\u00e4 toimittaa kerran ja tarjoavat mahdollisuuden uuden toimitusajan varaamiseen.<\/li>\n<li>Kuljetusliike voi veloittaa uudelleentoimitus- tai varastointimaksuja.<\/li>\n<li>Jos tilausta ei noudeta ja se palautuu meille, veloitamme todelliset palautusrahti- ja k\u00e4sittelykulut.<\/li>\n<\/ul>\n<h3>Kulku ja portaat<\/h3>\n<ul class=\"list-compact\">\n<li>Vakiopalvelu kattaa toimituksen kadunvarteen tai ensimm\u00e4iselle ovelle. Portaat, pitk\u00e4t kantomatkat tai sis\u00e4lle vienti edellytt\u00e4v\u00e4t erillist\u00e4 sopimusta etuk\u00e4teen.<\/li>\n<li>Ilmoitathan meille etuk\u00e4teen kapeista kulkureiteist\u00e4, porteista tai ty\u00f6maa-alueista ennen l\u00e4hett\u00e4mist\u00e4.<\/li>\n<\/ul>\n<\/div>\n\n\t\t<\/div>\n\t\t\t\t\n<style>\n#col-627809168 > .col-inner {\n  padding: 5% 5% 5% 5%;\n}\n<\/style>\n\t<\/div>\n\n\t\n\n<\/div>\n<div class=\"row align-equal\"  id=\"row-1690702775\">\n\n\n\t<div id=\"col-1168270272\" class=\"col medium-6 small-12 large-6\"  >\n\t\t\t\t<div class=\"col-inner\"  >\n\t\t\t\n\t<div class=\"is-border\"\n\t\tstyle=\"border-radius:12px;border-width:1px 1px 1px 1px;\">\n\t<\/div>\n\t\t\t\n\n<h2>Pakkaus ja k\u00e4sittely<\/h2>\n<ul class=\"list-compact\">\n<li>Lavapohja reunasuojilla ja kulmasuojilla; varustettu iskuilmaisimella.<\/li>\n<li>Tuote on suojattu, mutta se on s\u00e4ilytett\u00e4v\u00e4 vaakatasossa ja kuivassa.<\/li>\n<li>Pitki\u00e4 levyj\u00e4 nostettaessa suositellaan kahden henkil\u00f6n k\u00e4ytt\u00f6\u00e4; v\u00e4lt\u00e4 taivuttamista.<\/li>\n\n\t\t<\/div>\n\t\t\t\t\n<style>\n#col-1168270272 > .col-inner {\n  padding: 5% 5% 5% 5%;\n}\n<\/style>\n\t<\/div>\n\n\t\n\n\t<div id=\"col-1462478363\" class=\"col medium-6 small-12 large-6\"  >\n\t\t\t\t<div class=\"col-inner\"  >\n\t\t\t\n\t<div class=\"is-border\"\n\t\tstyle=\"border-radius:12px;border-width:1px 1px 1px 1px;\">\n\t<\/div>\n\t\t\t\n\n<h2>Tyypilliset l\u00e4hetyksen mitat<\/h2>\n<ul class=\"list-compact\">\n<li><strong>Lavakoko<\/strong>: enint\u00e4\u00e4n tuotteen pituus \u00d7 800\u20131000 mm<\/li>\n<li><strong>Korkeus<\/strong>: tuotteen paksuus + pakkaus (yleens\u00e4 alle 120 mm)<\/li>\n<li><strong>Paino:<\/strong>riippuu koosta ja paksuudesta (kysy tarvittaessa)<\/li>\n<\/ul>\n\t<div id=\"text-1502349285\" class=\"text\">\n\t\t\n\n<p>Jos rakennuksessasi on toimitusten koko- tai painorajoituksia, ilmoitathan niist\u00e4 meille ennen l\u00e4hett\u00e4mist\u00e4.<\/p>\n\t\t\n<style>\n#text-1502349285 {\n  font-size: 0.9rem;\n  color: rgb(75, 75, 75);\n}\n#text-1502349285 > * {\n  color: rgb(75, 75, 75);\n}\n<\/style>\n\t<\/div>\n\t\n\n\t\t<\/div>\n\t\t\t\t\n<style>\n#col-1462478363 > .col-inner {\n  padding: 5% 5% 5% 5%;\n}\n<\/style>\n\t<\/div>\n\n\t\n\n<\/div>\n<div class=\"row\"  id=\"row-1985891168\">\n\n\n\t<div id=\"col-233440982\" class=\"col small-12 large-12\"  >\n\t\t\t\t<div class=\"col-inner\"  >\n\t\t\t\n\t\t\t\n\n<div class=\"is-divider divider clearfix\" style=\"max-width:100%;height:1px;\"><\/div>\n\n\n\t\t<\/div>\n\t\t\t\t\t<\/div>\n\n\t\n\n<\/div>\n<div class=\"row align-equal\"  id=\"row-1460353044\">\n\n\n\t<div id=\"col-1884757274\" class=\"col medium-6 small-12 large-6\"  >\n\t\t\t\t<div class=\"col-inner\"  >\n\t\t\t\n\t<div class=\"is-border\"\n\t\tstyle=\"border-radius:12px;border-width:1px 1px 1px 1px;\">\n\t<\/div>\n\t\t\t\n\n<h2>Toimituskulut<\/h2>\n<p>N\u00e4yt\u00e4mme toimituskulun kassalla osoitteesi ja ostoskorisi perusteella. Mahdolliset lis\u00e4maksut (syrj\u00e4seudut, erityiset kulkureitit) ilmoitetaan tai vahvistetaan ennen l\u00e4hett\u00e4mist\u00e4.<\/p>\n\n\t\t<\/div>\n\t\t\t\t\n<style>\n#col-1884757274 > .col-inner {\n  padding: 5% 5% 5% 5%;\n}\n<\/style>\n\t<\/div>\n\n\t\n\n\t<div id=\"col-1678123185\" class=\"col medium-6 small-12 large-6\"  >\n\t\t\t\t<div class=\"col-inner\"  >\n\t\t\t\n\t<div class=\"is-border\"\n\t\tstyle=\"border-radius:12px;border-width:1px 1px 1px 1px;\">\n\t<\/div>\n\t\t\t\n\n<h2>Osoitteenmuutokset<\/h2>\n<ul class=\"list-compact\">\n<li>Osoitteenmuutokset l\u00e4hetyksen j\u00e4lkeen voivat aiheuttaa kuljetusliikkeen lis\u00e4maksuja ja viiv\u00e4stytt\u00e4\u00e4 toimitusta.<\/li>\n<li>Emme voi toimittaa postilokeroihin tai noutopisteisiin tuotteen koon ja painon vuoksi.<\/li>\n<\/ul>\n<\/div>\n\n\t\t<\/div>\n\t\t\t\t\n<style>\n#col-1678123185 > .col-inner {\n  padding: 5% 5% 5% 5%;\n}\n<\/style>\n\t<\/div>\n\n\t\n\n\t<div id=\"col-647699205\" class=\"col small-12 large-12\"  >\n\t\t\t\t<div class=\"col-inner\"  >\n\t\t\t\n\t<div class=\"is-border\"\n\t\tstyle=\"border-radius:12px;border-width:1px 1px 1px 1px;\">\n\t<\/div>\n\t\t\t\n\n<h2>Palautukset ja peruutukset<\/h2>\n<p>Kaikki tuotteet valmistetaan mittatilausty\u00f6n\u00e4 konfiguraattorissa antamiesi tietojen perusteella, eik\u00e4 <strong>tilausta voi muuttaa tai peruuttaa oston j\u00e4lkeen.<\/strong>Mittatilaustuotteilla ei ole 14 p\u00e4iv\u00e4n peruutusoikeutta. Kuljetusvauriot ja mahdolliset virheet k\u00e4sitell\u00e4\u00e4n k\u00e4yt\u00e4nt\u00f6mme sek\u00e4 Suomen kuluttajansuojalain mukaisesti.<\/p>\n<a href=\"https:\/\/simplestainless.com\/fi\/kayttoehdot\/\" class=\"button primary is-outline\" style=\"border-radius:10px;\">\n\t\t<span>Lue k\u00e4ytt\u00f6ehdot<\/span>\n\t<\/a>\n\n\n<a href=\"https:\/\/simplestainless.com\/fi\/ota-yhteytta\/\" class=\"button primary is-outline\" style=\"border-radius:10px;\">\n\t\t<span>Ota yhteytt\u00e4 tukeen<\/span>\n\t<\/a>\n\n\n\n\t\t<\/div>\n\t\t\t\t\n<style>\n#col-647699205 > .col-inner {\n  padding: 2% 2% 2% 2%;\n}\n<\/style>\n\t<\/div>\n\n\t\n\n<\/div>","protected":false},"excerpt":{"rendered":"","protected":false},"author":1,"featured_media":0,"parent":0,"menu_order":0,"comment_status":"closed","ping_status":"closed","template":"","meta":{"footnotes":""},"class_list":["post-487","page","type-page","status-publish","hentry"],"_links":{"self":[{"href":"https:\/\/simplestainless.com\/fi\/wp-json\/wp\/v2\/pages\/487","targetHints":{"allow":["GET"]}}],"collection":[{"href":"https:\/\/simplestainless.com\/fi\/wp-json\/wp\/v2\/pages"}],"about":[{"href":"https:\/\/simplestainless.com\/fi\/wp-json\/wp\/v2\/types\/page"}],"author":[{"embeddable":true,"href":"https:\/\/simplestainless.com\/fi\/wp-json\/wp\/v2\/users\/1"}],"replies":[{"embeddable":true,"href":"https:\/\/simplestainless.com\/fi\/wp-json\/wp\/v2\/comments?post=487"}],"version-history":[{"count":1,"href":"https:\/\/simplestainless.com\/fi\/wp-json\/wp\/v2\/pages\/487\/revisions"}],"predecessor-version":[{"id":488,"href":"https:\/\/simplestainless.com\/fi\/wp-json\/wp\/v2\/pages\/487\/revisions\/488"}],"wp:attachment":[{"href":"https:\/\/simplestainless.com\/fi\/wp-json\/wp\/v2\/media?parent=487"}],"curies":[{"name":"wp","href":"https:\/\/api.w.org\/{rel}","templated":true}]}}