{"id":556,"date":"2025-11-14T14:20:04","date_gmt":"2025-11-14T14:20:04","guid":{"rendered":"https:\/\/simplestainless.com\/?page_id=556"},"modified":"2025-11-14T14:23:26","modified_gmt":"2025-11-14T14:23:26","slug":"stainless-steel-vs-laminate-vs-quartz-which-worktop-material-is-right-for-you","status":"publish","type":"page","link":"https:\/\/simplestainless.com\/fi\/articles\/stainless-steel-vs-laminate-vs-quartz-which-worktop-material-is-right-for-you\/","title":{"rendered":"Ter\u00e4s, laminaatti vai kvartsi \u2013 mik\u00e4 tasomateriaali sopii sinulle parhaiten"},"content":{"rendered":"<section class=\"section\" id=\"section_1071662379\">\n\t\t<div class=\"section-bg fill\" >\n\t\t\t\t\t\t\t\t\t\n\t\t\t\n\n\t\t<\/div>\n\n\t\t\n\n\t\t<div class=\"section-content relative\">\n\t\t\t\n\n<div class=\"row\"  id=\"row-1208928322\">\n\n\n\t<div id=\"col-1055425604\" class=\"col small-12 large-12\"  >\n\t\t\t\t<div class=\"col-inner\"  >\n\t\t\t\n\t\t\t\n\n<div class=\"row align-middle\"  id=\"row-1490434157\">\n\n\n\t<div id=\"col-164528937\" class=\"col medium-7 small-12 large-7\"  >\n\t\t\t\t<div class=\"col-inner\"  >\n\t\t\t\n\t\t\t\n\n\t<div id=\"text-3115130412\" class=\"text\">\n\t\t\n\n<p class=\"uppercase\">Keitti\u00f6tason materiaaliopas<\/p>\n\t\t\n<style>\n#text-3115130412 {\n  font-size: 0.75rem;\n}\n<\/style>\n\t<\/div>\n\t\n<h1>Ter\u00e4s, laminaatti vai kvartsi \u2013 mik\u00e4 tasomateriaali sopii sinulle parhaiten?<\/h1>\n<p>Etk\u00f6 ole varma, mink\u00e4lainen keitti\u00f6taso valita? T\u00e4ss\u00e4 yksinkertainen ja rehellinen vertailu ruostumattoman ter\u00e4ksen, laminaatin ja kvartsin v\u00e4lill\u00e4 \u2014 hinta, kest\u00e4vyys, hygienia, huolto ja millainen jokainen materiaali on arjessa.<\/p>\n<a href=\"https:\/\/simplestainless.com\/fi\/mittatilaustyona\/tyotaso\/\" class=\"button primary\" style=\"border-radius:10px;\">\n\t\t<span>Suunnittele keitti\u00f6taso<\/span>\n\t<\/a>\n\n\n\t<div id=\"text-504953944\" class=\"text\">\n\t\t\n\n<p>Hinta valmiina noin minuutissa \u2013 mittatilauster\u00e4s, sis\u00e4lt\u00e4en altaan ja keittotason aukot.<\/p>\n\t\t\n<style>\n#text-504953944 {\n  font-size: 0.8rem;\n}\n<\/style>\n\t<\/div>\n\t\n\n\t\t<\/div>\n\t\t\t\t\t<\/div>\n\n\t\n\n\t<div id=\"col-1014731302\" class=\"col medium-5 small-12 large-5\"  >\n\t\t\t\t<div class=\"col-inner\"  >\n\t\t\t\n\t\t\t\n\n\t<div class=\"img has-hover banner-radius12 x md-x lg-x y md-y lg-y\" id=\"image_746679988\">\n\t\t\t\t\t\t\t\t<div class=\"img-inner dark\" >\n\t\t\t<img loading=\"lazy\" decoding=\"async\" width=\"960\" height=\"800\" src=\"https:\/\/simplestainless.com\/wp-content\/uploads\/2025\/10\/Stala_B-ONE_M-ONE_kitchen1_2000x1666px-1-960x800.jpg\" class=\"attachment-large size-large\" alt=\"\" srcset=\"https:\/\/simplestainless.com\/wp-content\/uploads\/2025\/10\/Stala_B-ONE_M-ONE_kitchen1_2000x1666px-1-960x800.jpg 960w, https:\/\/simplestainless.com\/wp-content\/uploads\/2025\/10\/Stala_B-ONE_M-ONE_kitchen1_2000x1666px-1-480x400.jpg 480w, https:\/\/simplestainless.com\/wp-content\/uploads\/2025\/10\/Stala_B-ONE_M-ONE_kitchen1_2000x1666px-1-768x640.jpg 768w, https:\/\/simplestainless.com\/wp-content\/uploads\/2025\/10\/Stala_B-ONE_M-ONE_kitchen1_2000x1666px-1-1536x1279.jpg 1536w, https:\/\/simplestainless.com\/wp-content\/uploads\/2025\/10\/Stala_B-ONE_M-ONE_kitchen1_2000x1666px-1-1000x833.jpg 1000w, https:\/\/simplestainless.com\/wp-content\/uploads\/2025\/10\/Stala_B-ONE_M-ONE_kitchen1_2000x1666px-1.jpg 2000w\" sizes=\"auto, (max-width: 960px) 100vw, 960px\">\t\t\t\t\t\t\n\t\t\t\t\t<\/div>\n\t\t\t\t\t\t\t\t\n<style>\n#image_746679988 {\n  width: 100%;\n}\n<\/style>\n\t<\/div>\n\t\n\n\t<div id=\"text-654839875\" class=\"text\">\n\t\t\n\n<p>Kuva: Stala<\/p>\n\t\t\n<style>\n#text-654839875 {\n  font-size: 0.75rem;\n  line-height: 0.75;\n  text-align: right;\n}\n<\/style>\n\t<\/div>\n\t\n\n\t\t<\/div>\n\t\t\t\t\t<\/div>\n\n\t\n\n<\/div>\n\n\t\t<\/div>\n\t\t\t\t\t<\/div>\n\n\t\n\n<\/div>\n\n\t\t<\/div>\n\n\t\t\n<style>\n#section_1071662379 {\n  padding-top: 30px;\n  padding-bottom: 30px;\n  background-color: #f2f4fd;\n}\n<\/style>\n\t<\/section>\n\t\n<div class=\"row\"  id=\"row-1792086036\">\n\n\n\t<div id=\"col-714060069\" class=\"col small-12 large-12\"  >\n\t\t\t\t<div class=\"col-inner\"  >\n\t\t\t\n\t\t\t\n\n<p>Ty\u00f6tasosi on yksi kodin k\u00e4ytetyimmist\u00e4 pinnoista. Sen pit\u00e4\u00e4 n\u00e4ytt\u00e4\u00e4 hyv\u00e4lt\u00e4, kest\u00e4\u00e4 kuumuutta ja roiskeita sek\u00e4 pysy\u00e4 k\u00e4yt\u00e4nn\u00f6llisen\u00e4 vuosien ajan. Alla vertailemme kolmea suosittua vaihtoehtoa: <strong>ruostumatonta ter\u00e4st\u00e4<\/strong>, <strong>laminaattia<\/strong> ja <strong>kvartsia.<\/strong>.<\/p>\n<p>Kerromme rehellisesti, miss\u00e4 ruostumaton ter\u00e4s on parempi ja miss\u00e4 heikompi, jotta voit arvioida, onko se oikea materiaali keitti\u00f6\u00f6si.<\/p>\n<h2>Nopea vertailu: hinta, kest\u00e4vyys, hygienia ja huolto<\/h2>\n<div class=\"table-wrapper\">\n<table class=\"ss-comparison-table\">\n<caption>Ruostumaton ter\u00e4s, laminaatti ja kvartsitasot vertailussa rinnakkain.<\/caption>\n<thead>\n<tr>\n<th>Materiaali<\/th>\n<th>Hinta (suhteellinen)<\/th>\n<th>Kest\u00e4vyys &amp; k\u00e4ytt\u00f6ik\u00e4<\/th>\n<th>Hygienia &amp; tahrankest\u00e4vyys<\/th>\n<th>Huolto<\/th>\n<th>Ulkon\u00e4k\u00f6 &amp; tuntuma<\/th>\n<\/tr>\n<\/thead>\n<tbody>\n<tr>\n<td><strong>Ruostumaton ter\u00e4s<\/strong><\/td>\n<td>\u20ac\u20ac\u2013\u20ac\u20ac\u20ac (mittatilausty\u00f6)<\/td>\n<td>Eritt\u00e4in kest\u00e4v\u00e4; voi kest\u00e4\u00e4 vuosikymmeni\u00e4. Pinta kehittyy hienojen naarmujen patinaksi.<\/td>\n<td>Tiivis, eritt\u00e4in hygieeninen. Helppo pit\u00e4\u00e4 puhtaana.<\/td>\n<td>Yksinkertainen p\u00e4ivitt\u00e4inen pyyhint\u00e4. Ei tarvitse suojak\u00e4sittely\u00e4. Naarmut ovat normaaleja, eiv\u00e4tk\u00e4 poistu t\u00e4ysin.<\/td>\n<td>Ammattimainen, moderni, hieman teollinen. Voi olla \u00e4\u00e4nek\u00e4s ja n\u00e4ytt\u00e4\u00e4 naarmut sek\u00e4 sormenj\u00e4ljet.<\/td>\n<\/tr>\n<tr>\n<td><strong>Laminate<\/strong><\/td>\n<td>\u20ac (edullinen)<\/td>\n<td>Kohtalainen kest\u00e4vyys. Tyypillisesti 10\u201320 vuotta normaalissa k\u00e4yt\u00f6ss\u00e4.<\/td>\n<td>Pinta on melko tahrankest\u00e4v\u00e4, mutta ydin voi turvota, jos vett\u00e4 p\u00e4\u00e4see liitoksiin.<\/td>\n<td>V\u00e4h\u00e4inen huoltotarve, mutta tulee suojata kuumilta padoilta ja suorilta viilloilta.<\/td>\n<td>Eritt\u00e4in laaja v\u00e4rivalikoima ja kuviointi. Voi j\u00e4ljitell\u00e4 kive\u00e4 tai puuta, mutta tuntuu kevyemm\u00e4lt\u00e4 ja v\u00e4hemm\u00e4n \u201cmassiiviselta\u201d.<\/td>\n<\/tr>\n<tr>\n<td><strong>Quartz<\/strong><\/td>\n<td>\u20ac\u20ac\u20ac (laadukas)<\/td>\n<td>Kest\u00e4v\u00e4, pitk\u00e4ik\u00e4inen ja hyv\u00e4 naarmuuntumisen kest\u00e4vyys.<\/td>\n<td>Tiivis ja eritt\u00e4in tahrankest\u00e4v\u00e4, jos pyyhit nopeasti.<\/td>\n<td>Helppo p\u00e4ivitt\u00e4inen hoito. Ei tarvitse suojak\u00e4sittely\u00e4, mutta kuumien astioiden alla suositaan pannunalusia.<\/td>\n<td>Kivim\u00e4inen, kiillotettu ja hiljainen. Johdonmukaiset kuviot ja v\u00e4rit.<\/td>\n<\/tr>\n<\/tbody>\n<\/table>\n<\/div>\n<\/div>\n<p><\/body><\/p>\n<div class=\"row\"  id=\"row-2093317276\">\n\n\n\t<div id=\"col-743576124\" class=\"col medium-4 small-12 large-4\"  >\n\t\t\t\t<div class=\"col-inner\"  >\n\t\t\t\n\t\t\t\n\n\n  <div class=\"banner has-hover banner-radius12\" id=\"banner-347857123\">\n          <div class=\"banner-inner fill\">\n        <div class=\"banner-bg fill\" >\n            <img loading=\"lazy\" decoding=\"async\" width=\"1020\" height=\"573\" src=\"https:\/\/simplestainless.com\/wp-content\/uploads\/2025\/11\/b-one_f2-1400x787.jpg\" class=\"bg attachment-large size-large\" alt=\"\">                                    \n                    <\/div>\n\t\t\n        <div class=\"banner-layers container\">\n            <div class=\"fill banner-link\"><\/div>            \n\n   <div id=\"text-box-1874611065\" class=\"text-box banner-layer x95 md-x95 lg-x95 y100 md-y100 lg-y100 res-text\">\n                                <div class=\"text-box-content text dark text-shadow-5\">\n              \n              <div class=\"text-inner text-center\">\n                  \n\n\t<div id=\"text-3865008978\" class=\"text\">\n\t\t\n\n<p>Kuva: Stala<\/p>\n\t\t\n<style>\n#text-3865008978 {\n  text-align: right;\n}\n<\/style>\n\t<\/div>\n\t\n\n              <\/div>\n           <\/div>\n                            \n<style>\n#text-box-1874611065 {\n  width: 60%;\n}\n#text-box-1874611065 .text-box-content {\n  font-size: 100%;\n}\n<\/style>\n    <\/div>\n \n\n        <\/div>\n      <\/div>\n\n            \n<style>\n#banner-347857123 {\n  padding-top: 56.25%;\n}\n<\/style>\n  <\/div>\n\n\n\t<div id=\"text-1668849350\" class=\"text\">\n\t\t\n\n<p>Ruostumaton ter\u00e4s \u2013 hygieeninen, tarkka ja suunniteltu p\u00e4ivitt\u00e4iseen k\u00e4ytt\u00f6\u00f6n.<\/p>\n\t\t\n<style>\n#text-1668849350 {\n  font-size: 0.9rem;\n}\n<\/style>\n\t<\/div>\n\t\n\n\t\t<\/div>\n\t\t\t\t\t<\/div>\n\n\t\n\n\t<div id=\"col-1163296360\" class=\"col medium-4 small-12 large-4\"  >\n\t\t\t\t<div class=\"col-inner\"  >\n\t\t\t\n\t\t\t\n\n\n  <div class=\"banner has-hover banner-radius12\" id=\"banner-2066971769\">\n          <div class=\"banner-inner fill\">\n        <div class=\"banner-bg fill\" >\n            <img loading=\"lazy\" decoding=\"async\" width=\"1020\" height=\"680\" src=\"https:\/\/simplestainless.com\/wp-content\/uploads\/2025\/11\/Laminateimage-1200x800.png\" class=\"bg attachment-large size-large\" alt=\"\">                                    \n                    <\/div>\n\t\t\n        <div class=\"banner-layers container\">\n            <div class=\"fill banner-link\"><\/div>            \n\n   <div id=\"text-box-2015909126\" class=\"text-box banner-layer x50 md-x50 lg-x50 y50 md-y50 lg-y50 res-text\">\n                                <div class=\"text-box-content text dark\">\n              \n              <div class=\"text-inner text-center\">\n                  \n\n\n              <\/div>\n           <\/div>\n                            \n<style>\n#text-box-2015909126 {\n  width: 60%;\n}\n#text-box-2015909126 .text-box-content {\n  font-size: 100%;\n}\n@media (min-width:550px) {\n  #text-box-2015909126 {\n    width: 60%;\n  }\n}\n<\/style>\n    <\/div>\n \n\n        <\/div>\n      <\/div>\n\n            \n<style>\n#banner-2066971769 {\n  padding-top: 56.25%;\n}\n<\/style>\n  <\/div>\n\n\n\t<div id=\"text-4243453122\" class=\"text\">\n\t\t\n\n<p>Laminaatti \u2013 edullinen, saatavilla monia v\u00e4rej\u00e4 ja kuvioita.<\/p>\n\t\t\n<style>\n#text-4243453122 {\n  font-size: 0.9rem;\n}\n<\/style>\n\t<\/div>\n\t\n\n\t\t<\/div>\n\t\t\t\t\t<\/div>\n\n\t\n\n\t<div id=\"col-174472955\" class=\"col medium-4 small-12 large-4\"  >\n\t\t\t\t<div class=\"col-inner\"  >\n\t\t\t\n\t\t\t\n\n\n  <div class=\"banner has-hover banner-radius12\" id=\"banner-1509295404\">\n          <div class=\"banner-inner fill\">\n        <div class=\"banner-bg fill\" >\n            <img loading=\"lazy\" decoding=\"async\" width=\"1020\" height=\"680\" src=\"https:\/\/simplestainless.com\/wp-content\/uploads\/2025\/11\/quartzimage-1200x800.png\" class=\"bg attachment-large size-large\" alt=\"\">                                    \n                    <\/div>\n\t\t\n        <div class=\"banner-layers container\">\n            <div class=\"fill banner-link\"><\/div>            \n\n   <div id=\"text-box-1800565975\" class=\"text-box banner-layer x50 md-x50 lg-x50 y50 md-y50 lg-y50 res-text\">\n                                <div class=\"text-box-content text dark\">\n              \n              <div class=\"text-inner text-center\">\n                  \n\n\n              <\/div>\n           <\/div>\n                            \n<style>\n#text-box-1800565975 {\n  width: 60%;\n}\n#text-box-1800565975 .text-box-content {\n  font-size: 100%;\n}\n@media (min-width:550px) {\n  #text-box-1800565975 {\n    width: 60%;\n  }\n}\n<\/style>\n    <\/div>\n \n\n        <\/div>\n      <\/div>\n\n            \n<style>\n#banner-1509295404 {\n  padding-top: 56.25%;\n}\n<\/style>\n  <\/div>\n\n\n\t<div id=\"text-659055738\" class=\"text\">\n\t\t\n\n<p>Kvartsi \u2013 premium, kivim\u00e4inen ilme ja v\u00e4h\u00e4inen p\u00e4ivitt\u00e4inen huolto.<\/p>\n\t\t\n<style>\n#text-659055738 {\n  font-size: 0.9rem;\n}\n<\/style>\n\t<\/div>\n\t\n\n\t\t<\/div>\n\t\t\t\t\t<\/div>\n\n\t\n\n<\/div>\n<div class=\"row\"  id=\"row-518359451\">\n\n\n\t<div id=\"col-1588347620\" class=\"col small-12 large-12\"  >\n\t\t\t\t<div class=\"col-inner\"  >\n\t\t\t\n\t\t\t\n\n<div class=\"is-divider divider clearfix\" style=\"max-width:100%;height:1px;\"><\/div>\n\n<h2>Ruostumattomat ty\u00f6tasot: Suunniteltu oikeaan ruoanlaittoon<\/h2>\n<p>Ruostumaton ter\u00e4s on ammattikeitti\u00f6iden vakiovalinta syyst\u00e4: se on hygieeninen, kest\u00e4v\u00e4 ja tarkka.<\/p>\n\n\t\t<\/div>\n\t\t\t\t\t<\/div>\n\n\t\n\n<\/div>\n<div class=\"row\"  id=\"row-140088880\">\n\n\n\t<div id=\"col-1870657051\" class=\"col medium-6 small-12 large-6\"  >\n\t\t\t\t<div class=\"col-inner\"  >\n\t\t\t\n\t\t\t\n\n<h3>Miss\u00e4 ruostumaton ter\u00e4s on vahva<\/h3>\n<ul>\n<li class=\"bullet-checkmark\"><strong>Hygienia<\/strong> \u2013 Tiivis pinta, joka ei ime nesteit\u00e4 tai ruokaliemi\u00e4.<\/li>\n<li class=\"bullet-checkmark\"><strong>Kuumuuden ja roiskeiden kest\u00e4vyys<\/strong> \u2013 Tavalliset padat, roiskeet ja l\u00e4ikytetyt nesteet eiv\u00e4t ole ongelma.<\/li>\n<li class=\"bullet-checkmark\"><strong>Tarkkuus<\/strong> \u2013 Altaan, keittotason ja hanan aukot voidaan jyrsi\u00e4 CNC-koneella millin tarkkuudella.<\/li>\n<li class=\"bullet-checkmark\"><strong>Kest\u00e4vyys<\/strong> \u2013 Pinta vanhenee visuaalisesti, mutta toimii moitteettomasti vuosikymmeni\u00e4.<\/li>\n<\/ul>\n\n\t\t<\/div>\n\t\t\t\t\t<\/div>\n\n\t\n\n\t<div id=\"col-572602005\" class=\"col medium-6 small-12 large-6\"  >\n\t\t\t\t<div class=\"col-inner\"  >\n\t\t\t\n\t\t\t\n\n<h3>Miss\u00e4 ruostumaton ter\u00e4s on heikompi (rehellisesti)<\/h3>\n<ul>\n<li class=\"bullet-checkmark bullet-cross\"><strong>N\u00e4kyv\u00e4t naarmut<\/strong> \u2013 Hienoja naarmuja syntyy p\u00e4ivitt\u00e4isest\u00e4 k\u00e4yt\u00f6st\u00e4 ja muodostavat patinan. T\u00e4m\u00e4 on normaalia, ei vika.<\/li>\n<li class=\"bullet-checkmark bullet-cross\"><strong>Melu<\/strong> \u2013 Metalli on kovempaa kuin kivi tai laminaatti. Hyv\u00e4 tuki auttaa, mutta se ei koskaan ole t\u00e4ysin \u201chiljainen\u201d.<\/li>\n<li class=\"bullet-checkmark bullet-cross\"><strong>Sormenj\u00e4ljet ja tahrat<\/strong> \u2013 Erityisesti sileiss\u00e4 pinnoissa. Kuvioidut pinnat auttavat, mutta eiv\u00e4t poista ongelmaa t\u00e4ysin.<\/li>\n<li class=\"bullet-checkmark bullet-cross\"><strong>Siisti, ammattimainen ilme<\/strong> \u2013 Jotkut rakastavat sit\u00e4; toiset kokevat sen liian \u201cteolliseksi\u201d kotiinsa.<\/li>\n<\/ul>\n\n\t\t<\/div>\n\t\t\t\t\t<\/div>\n\n\t\n\n<\/div>\n<div class=\"row\"  id=\"row-1104747451\">\n\n\n\t<div id=\"col-175122502\" class=\"col small-12 large-12\"  >\n\t\t\t\t<div class=\"col-inner box-shadow-1\" style=\"background-color:#f8fafc;\" >\n\t\t\t\n\t<div class=\"is-border\"\n\t\tstyle=\"border-radius:12px;border-width:1px 1px 1px 1px;\">\n\t<\/div>\n\t\t\t\n\n<div class=\"row align-middle\"  id=\"row-667185443\">\n\n\n\t<div id=\"col-1782429795\" class=\"col medium-6 small-12 large-6\"  >\n\t\t\t\t<div class=\"col-inner\"  >\n\t\t\t\n\t\t\t\n\n<h3>Miten ty\u00f6tasosi on rakennettu<\/h3>\n<p>The worktops are designed for everyday kitchens, not only restaurants. Each worktop typically includes:<\/p>\n<ul>\n<li>0,7 mm ruostumatonta ter\u00e4st\u00e4 pintakerroksena (harjattu\/satiini tai kuviollinen, esim. StalaTex).<\/li>\n<li>MDF-ydin tasaisuuden ja t\u00e4rin\u00e4nvaimennuksen varmistamiseksi.<\/li>\n<li>Tukeva vanerirunko j\u00e4ykkyyden ja turvallisen kiinnityksen takaamiseksi.<\/li>\n<li>R\u00e4\u00e4t\u00e4l\u00f6idyt paksuusvaihtoehdot (kokonaispaksuus 20 \/ 30 \/ 40 mm).<\/li>\n<\/ul>\n\n\t\t<\/div>\n\t\t\t\t\t<\/div>\n\n\t\n\n\t<div id=\"col-1155088574\" class=\"col medium-6 small-12 large-6\"  >\n\t\t\t\t<div class=\"col-inner\"  >\n\t\t\t\n\t\t\t\n\n\t<div class=\"img has-hover banner-radius12 x md-x lg-x y md-y lg-y\" id=\"image_507616558\">\n\t\t\t\t\t\t\t\t<div class=\"img-inner dark\" >\n\t\t\t<img loading=\"lazy\" decoding=\"async\" width=\"692\" height=\"417\" src=\"https:\/\/simplestainless.com\/wp-content\/uploads\/2025\/10\/Diskbank.jpg\" class=\"attachment-large size-large\" alt=\"\" srcset=\"https:\/\/simplestainless.com\/wp-content\/uploads\/2025\/10\/Diskbank.jpg 692w, https:\/\/simplestainless.com\/wp-content\/uploads\/2025\/10\/Diskbank-664x400.jpg 664w, https:\/\/simplestainless.com\/wp-content\/uploads\/2025\/10\/Diskbank-600x362.jpg 600w\" sizes=\"auto, (max-width: 692px) 100vw, 692px\">\t\t\t\t\t\t\n\t\t\t\t\t<\/div>\n\t\t\t\t\t\t\t\t\n<style>\n#image_507616558 {\n  width: 100%;\n}\n<\/style>\n\t<\/div>\n\t\n\n\n\t\t<\/div>\n\t\t\t\t\t<\/div>\n\n\t\n\n<\/div>\n\n\t\t<\/div>\n\t\t\t\t\n<style>\n#col-175122502 > .col-inner {\n  padding: 5% 5% 5% 5%;\n  border-radius: 12px;\n}\n<\/style>\n\t<\/div>\n\n\t\n\n<\/div>\n\n\t\t<\/div>\n\t\t\t\t\t<\/div>\n\n\t\n\n<\/div>\n<div class=\"row\"  id=\"row-13770334\">\n\n\n\t<div id=\"col-2117661510\" class=\"col small-12 large-12\"  >\n\t\t\t\t<div class=\"col-inner\" style=\"background-color:#f7faf9;\" >\n\t\t\t\n\t<div class=\"is-border\"\n\t\tstyle=\"border-color:rgb(0, 78, 11);border-width:0px 0px 0px 3px;\">\n\t<\/div>\n\t\t\t\n\n<p>Jos p\u00e4\u00e4t\u00e4t ter\u00e4ksen olevan oikea valinta sinulle, t\u00e4\u00e4lt\u00e4 saat hinnan v\u00e4litt\u00f6m\u00e4sti.<\/p>\n<a href=\"https:\/\/simplestainless.com\/fi\/mittatilaustyona\/tyotaso\/\" class=\"button primary\" style=\"border-radius:12px;\">\n\t\t<span>Suunnittele keitti\u00f6taso<\/span>\n\t<\/a>\n\n\n\n\t\t<\/div>\n\t\t\t\t\n<style>\n#col-2117661510 > .col-inner {\n  padding: 2% 2% 2% 2%;\n}\n<\/style>\n\t<\/div>\n\n\t\n\n<\/div>\n<div class=\"row\"  id=\"row-368695697\">\n\n\n\t<div id=\"col-528008352\" class=\"col small-12 large-12\"  >\n\t\t\t\t<div class=\"col-inner\"  >\n\t\t\t\n\t\t\t\n\n<div class=\"is-divider divider clearfix\" style=\"max-width:100%;height:1px;\"><\/div>\n\n<h2>Laminaattitasot: Edullinen ja joustava vaihtoehto<\/h2>\n<p>Laminaatti on hyv\u00e4 valinta, kun haluat k\u00e4yt\u00e4nn\u00f6llisen ja raikkaan keitti\u00f6n pienemm\u00e4ll\u00e4 alkuinvestoinnilla.<\/p>\n\n\t\t<\/div>\n\t\t\t\t\t<\/div>\n\n\t\n\n<\/div>\n<div class=\"row\"  id=\"row-1502599399\">\n\n\n\t<div id=\"col-1073883008\" class=\"col medium-6 small-12 large-6\"  >\n\t\t\t\t<div class=\"col-inner\"  >\n\t\t\t\n\t\t\t\n\n<h3>Miss\u00e4 laminaatti toimii hyvin<\/h3>\n<ul>\n<li class=\"bullet-checkmark\"><strong>Edullisin vaihtoehto<\/strong> \u2013 Usein helpoin ja edullisin tapa uusia ty\u00f6taso.<\/li>\n<li class=\"bullet-checkmark\"><strong>Laaja valikoima<\/strong> \u2013 Paljon puu-, kivi- ja v\u00e4rivaihtoehtoja.<\/li>\n<li class=\"bullet-checkmark\"><strong>Helppo k\u00e4sitell\u00e4<\/strong> \u2013 Kevyt ja asentajien helppo ty\u00f6st\u00e4\u00e4.<\/li>\n<\/ul>\n\n\t\t<\/div>\n\t\t\t\t\t<\/div>\n\n\t\n\n\t<div id=\"col-1455489944\" class=\"col medium-6 small-12 large-6\"  >\n\t\t\t\t<div class=\"col-inner\"  >\n\t\t\t\n\t\t\t\n\n<h3>Miss\u00e4 laminaatti on heikompi<\/h3>\n<ul>\n<li class=\"bullet-checkmark bullet-cross\"><strong>Vesiherkkyys<\/strong> \u2013 Jos vett\u00e4 p\u00e4\u00e4see liitoksiin tai suojaamattomiin reunoihin, ne turpoavat luoden vaurioita.<\/li>\n<li class=\"bullet-checkmark bullet-cross\"><strong>L\u00e4mm\u00f6n- ja leikkuunkest\u00e4vyys<\/strong> \u2013 Tarvitsee pannunalusia ja leikkuulautoja; kuumat padat voivat j\u00e4tt\u00e4\u00e4 j\u00e4lki\u00e4.<\/li>\n<li class=\"bullet-checkmark bullet-cross\"><strong>Lyhyempi k\u00e4ytt\u00f6ik\u00e4<\/strong> \u2013 Tarvitsee usein uusimista aikaisemmin kuin ruostumaton ter\u00e4s tai kvartsi.<\/li>\n<\/ul>\n\n\t\t<\/div>\n\t\t\t\t\t<\/div>\n\n\t\n\n<\/div>\n<div class=\"row\"  id=\"row-1859394649\">\n\n\n\t<div id=\"col-728811991\" class=\"col small-12 large-12\"  >\n\t\t\t\t<div class=\"col-inner\"  >\n\t\t\t\n\t\t\t\n\n<div class=\"is-divider divider clearfix\" style=\"max-width:100%;height:1px;\"><\/div>\n\n<h2>Kvartsitasot: Laadukas, kivim\u00e4inen ja v\u00e4h\u00e4huoltoinen<\/h2>\n<p>Kvartsi on valmistettu kiviaines, joka tarjoaa kiillotetun ilmeen ja v\u00e4h\u00e4isen p\u00e4ivitt\u00e4isen huollon korkeaan hintaan.<\/p>\n\n\t\t<\/div>\n\t\t\t\t\t<\/div>\n\n\t\n\n<\/div>\n<div class=\"row\"  id=\"row-1503263347\">\n\n\n\t<div id=\"col-1816115561\" class=\"col medium-6 small-12 large-6\"  >\n\t\t\t\t<div class=\"col-inner\"  >\n\t\t\t\n\t\t\t\n\n<h3>Miss\u00e4 kvartsi on vahva<\/h3>\n<ul>\n<li class=\"bullet-checkmark\"><strong>Tiivis pinta<\/strong> \u2013 Eritt\u00e4in kest\u00e4v\u00e4 useimpia arjen tahroja vastaan.<\/li>\n<li class=\"bullet-checkmark\"><strong>Kova ja vakaa<\/strong> \u2013 Hyv\u00e4 naarmunkest\u00e4vyys ja pitk\u00e4 k\u00e4ytt\u00f6ik\u00e4.<\/li>\n<li class=\"bullet-checkmark\"><strong>Johdonmukainen ulkon\u00e4k\u00f6<\/strong> \u2013 Kuviot ja v\u00e4rit ovat ennustettavia n\u00e4ytepalasta ty\u00f6tasoon.<\/li>\n<\/ul>\n\n\t\t<\/div>\n\t\t\t\t\t<\/div>\n\n\t\n\n\t<div id=\"col-1705034130\" class=\"col medium-6 small-12 large-6\"  >\n\t\t\t\t<div class=\"col-inner\"  >\n\t\t\t\n\t\t\t\n\n<h3>Miss\u00e4 kvartsilla on rajansa<\/h3>\n<ul>\n<li class=\"bullet-checkmark bullet-cross\"><strong>Hinta<\/strong> \u2013 Materiaali ja asennus ovat yleens\u00e4 kalliimpia.<\/li>\n<li class=\"bullet-checkmark bullet-cross\"><strong>Kuumuus<\/strong> \u2013 Eritt\u00e4in kuumat padat voivat vaurioittaa pintaa; pannunalusten k\u00e4ytt\u00f6\u00e4 suositellaan vahvasti.<\/li>\n<li class=\"bullet-checkmark bullet-cross\"><strong>Painava ja vaativa<\/strong> \u2013 Tarvitsee ammattimaisen mittauksen ja asennuksen.<\/li>\n<\/ul>\n\n\t\t<\/div>\n\t\t\t\t\t<\/div>\n\n\t\n\n<\/div>\n<div class=\"row\"  id=\"row-1022092068\">\n\n\n\t<div id=\"col-19671941\" class=\"col small-12 large-12\"  >\n\t\t\t\t<div class=\"col-inner\"  >\n\t\t\t\n\t\t\t\n\n<div class=\"is-divider divider clearfix\" style=\"max-width:100%;height:1px;\"><\/div>\n\n<h2>Mik\u00e4 keitti\u00f6tasomateriaali sopii sinun keitti\u00f6\u00f6si?<\/h2>\n<p>Ei ole olemassa yht\u00e4 \u201cparasta\u201d ty\u00f6tasomateriaalia. Oikea valinta riippuu siit\u00e4, miten paljon kokkaat, kuinka pitk\u00e4ik\u00e4isen tason haluat ja miten suhtaudut patinaan verrattuna t\u00e4ysin virheett\u00f6m\u00e4\u00e4n pintaan.<\/p>\n\n\t\t<\/div>\n\t\t\t\t\t<\/div>\n\n\t\n\n<\/div>\n<div class=\"row align-equal\"  id=\"row-497913136\">\n\n\n\t<div id=\"col-1055336330\" class=\"col medium-4 small-12 large-4\"  >\n\t\t\t\t<div class=\"col-inner\"  >\n\t\t\t\n\t<div class=\"is-border\"\n\t\tstyle=\"border-radius:12px;border-width:1px 1px 1px 1px;\">\n\t<\/div>\n\t\t\t\n\n<h3>Valitse ruostumaton ter\u00e4s, jos\u2026<\/h3>\n<ul>\n<li class=\"bullet-arrow\">Kokkaat usein ja arvostat hygieniaa sek\u00e4 k\u00e4yt\u00e4nn\u00f6llisyytt\u00e4.<\/li>\n<li class=\"bullet-arrow\">Pid\u00e4t ajatuksesta integroidusta altaasta ja tarkasti jyrsityist\u00e4 aukotuksista.<\/li>\n<li class=\"bullet-arrow\">Olet valmis hyv\u00e4ksym\u00e4\u00e4n ajan my\u00f6t\u00e4 n\u00e4kyv\u00e4n hienojen naarmujen patinan.<\/li>\n<\/ul>\n\n\t\t<\/div>\n\t\t\t\t\n<style>\n#col-1055336330 > .col-inner {\n  padding: 5% 5% 5% 5%;\n}\n<\/style>\n\t<\/div>\n\n\t\n\n\t<div id=\"col-1302635452\" class=\"col medium-4 small-12 large-4\"  >\n\t\t\t\t<div class=\"col-inner\"  >\n\t\t\t\n\t<div class=\"is-border\"\n\t\tstyle=\"border-radius:12px;border-width:1px 1px 1px 1px;\">\n\t<\/div>\n\t\t\t\n\n<h3>Valitse laminaatti, jos\u2026<\/h3>\n<ul>\n<li class=\"bullet-arrow\">Budjetti on p\u00e4\u00e4rajoite.<\/li>\n<li class=\"bullet-arrow\">Haluat monia v\u00e4ri- ja kuviointivaihtoehtoja.<\/li>\n<li class=\"bullet-arrow\">Olet valmis lyhyemp\u00e4\u00e4n k\u00e4ytt\u00f6ik\u00e4\u00e4n ja huolelliseen k\u00e4ytt\u00f6\u00f6n.<\/li>\n<\/ul>\n\n\t\t<\/div>\n\t\t\t\t\n<style>\n#col-1302635452 > .col-inner {\n  padding: 5% 5% 5% 5%;\n}\n<\/style>\n\t<\/div>\n\n\t\n\n\t<div id=\"col-750443564\" class=\"col medium-4 small-12 large-4\"  >\n\t\t\t\t<div class=\"col-inner\"  >\n\t\t\t\n\t<div class=\"is-border\"\n\t\tstyle=\"border-radius:12px;border-width:1px 1px 1px 1px;\">\n\t<\/div>\n\t\t\t\n\n<h3>Valitse kvartsi, jos\u2026<\/h3>\n<ul>\n<li class=\"bullet-arrow\">Haluat laadukkaan, kivim\u00e4isen, ilmeen.<\/li>\n<li class=\"bullet-arrow\">Olet valmis k\u00e4ytt\u00e4m\u00e4\u00e4n pannunalusia<\/li>\n<li class=\"bullet-arrow\">You are fine with using trivets for hot pans.<\/li>\n<\/ul>\n\n\t\t<\/div>\n\t\t\t\t\n<style>\n#col-750443564 > .col-inner {\n  padding: 5% 5% 5% 5%;\n}\n<\/style>\n\t<\/div>\n\n\t\n\n<\/div>\n<div class=\"row\"  id=\"row-1410451065\">\n\n\n\t<div id=\"col-817912767\" class=\"col small-12 large-12\"  >\n\t\t\t\t<div class=\"col-inner box-shadow-2\" style=\"background-color:#f7faf9;\" >\n\t\t\t\n\t<div class=\"is-border\"\n\t\tstyle=\"border-width:1px 1px 1px 1px;\">\n\t<\/div>\n\t\t\t\n\n<h3>Valmis n\u00e4kem\u00e4\u00e4n hinnan ruostumattomalle keitti\u00f6tasollesi?<\/h3>\n<p>Jos ruostumaton ter\u00e4s kuulostaa oikealta materiaalilta, voit n\u00e4hd\u00e4 hinnan v\u00e4litt\u00f6m\u00e4sti.<br \/>Sy\u00f6t\u00e4 mitat, valitse allas ja viimeistely, ja hinta p\u00e4ivittyy samalla automaattisesti.<\/p>\n<a href=\"https:\/\/simplestainless.com\/fi\/mittatilaustyona\/tyotaso\/\" class=\"button primary is-large\" style=\"border-radius:12px;\">\n\t\t<span>Aloita ruostumattoman keitti\u00f6tason konfigurointi<\/span>\n\t<\/a>\n\n\n\n\t\t<\/div>\n\t\t\t\t\n<style>\n#col-817912767 > .col-inner {\n  padding: 2% 2% 2% 2%;\n  border-radius: 12px;\n}\n<\/style>\n\t<\/div>\n\n\t\n\n<\/div>","protected":false},"excerpt":{"rendered":"","protected":false},"author":1,"featured_media":525,"parent":558,"menu_order":0,"comment_status":"closed","ping_status":"closed","template":"","meta":{"footnotes":""},"class_list":["post-556","page","type-page","status-publish","has-post-thumbnail","hentry"],"_links":{"self":[{"href":"https:\/\/simplestainless.com\/fi\/wp-json\/wp\/v2\/pages\/556","targetHints":{"allow":["GET"]}}],"collection":[{"href":"https:\/\/simplestainless.com\/fi\/wp-json\/wp\/v2\/pages"}],"about":[{"href":"https:\/\/simplestainless.com\/fi\/wp-json\/wp\/v2\/types\/page"}],"author":[{"embeddable":true,"href":"https:\/\/simplestainless.com\/fi\/wp-json\/wp\/v2\/users\/1"}],"replies":[{"embeddable":true,"href":"https:\/\/simplestainless.com\/fi\/wp-json\/wp\/v2\/comments?post=556"}],"version-history":[{"count":1,"href":"https:\/\/simplestainless.com\/fi\/wp-json\/wp\/v2\/pages\/556\/revisions"}],"predecessor-version":[{"id":557,"href":"https:\/\/simplestainless.com\/fi\/wp-json\/wp\/v2\/pages\/556\/revisions\/557"}],"up":[{"embeddable":true,"href":"https:\/\/simplestainless.com\/fi\/wp-json\/wp\/v2\/pages\/558"}],"wp:featuredmedia":[{"embeddable":true,"href":"https:\/\/simplestainless.com\/fi\/wp-json\/wp\/v2\/media\/525"}],"wp:attachment":[{"href":"https:\/\/simplestainless.com\/fi\/wp-json\/wp\/v2\/media?parent=556"}],"curies":[{"name":"wp","href":"https:\/\/api.w.org\/{rel}","templated":true}]}}