{"id":190,"date":"2025-11-01T12:31:44","date_gmt":"2025-11-01T12:31:44","guid":{"rendered":"https:\/\/simplestainless.com\/?post_type=product&#038;p=190"},"modified":"2025-11-01T12:38:11","modified_gmt":"2025-11-01T12:38:11","slug":"ice-floe","status":"publish","type":"product","link":"https:\/\/simplestainless.com\/fi\/stalatex-kuviot\/ice-floe\/","title":{"rendered":"Ice floe"},"content":{"rendered":"","protected":false},"excerpt":{"rendered":"<p>Ice floe on yksi tunnetuimmista suomalaisista muotoilijoista, Harri Koskisen, suunnittelema kuvio. Sen inspiraationa on pohjoinen meri talviaikaan. Ice floe on rohkea valinta \u2013 siin\u00e4 on ainutlaatuinen ulkon\u00e4k\u00f6 ja vahva luonne.<\/p>\n<p>Ice floe on yhten\u00e4inen, suuri kuvio, jonka ulkon\u00e4k\u00f6 vaihtelee hieman tuotteen koon mukaan. Kuvio alkaa vasemmasta yl\u00e4kulmasta ja pienenee kohti oikeaa yl\u00e4kulmaa. <span style=\"text-decoration: underline;\"><a href=\"https:\/\/www.stala.com\/link\/7e9abef09e214c7ea37f8d5110360fa7.aspx\" target=\"_blank\" rel=\"noopener\">Napsauta t\u00e4st\u00e4 n\u00e4hd\u00e4ksesi esimerkit.<\/a><\/span>.<\/p>","protected":false},"featured_media":191,"comment_status":"open","ping_status":"closed","template":"","meta":[],"product_brand":[],"product_cat":[17],"product_tag":[],"leverantor":[],"class_list":{"0":"post-190","1":"product","2":"type-product","3":"status-publish","4":"has-post-thumbnail","6":"product_cat-stalatex-patterns","8":"first","9":"instock","10":"taxable","11":"shipping-taxable","12":"product-type-simple"},"_links":{"self":[{"href":"https:\/\/simplestainless.com\/fi\/wp-json\/wp\/v2\/product\/190","targetHints":{"allow":["GET"]}}],"collection":[{"href":"https:\/\/simplestainless.com\/fi\/wp-json\/wp\/v2\/product"}],"about":[{"href":"https:\/\/simplestainless.com\/fi\/wp-json\/wp\/v2\/types\/product"}],"replies":[{"embeddable":true,"href":"https:\/\/simplestainless.com\/fi\/wp-json\/wp\/v2\/comments?post=190"}],"wp:featuredmedia":[{"embeddable":true,"href":"https:\/\/simplestainless.com\/fi\/wp-json\/wp\/v2\/media\/191"}],"wp:attachment":[{"href":"https:\/\/simplestainless.com\/fi\/wp-json\/wp\/v2\/media?parent=190"}],"wp:term":[{"taxonomy":"product_brand","embeddable":true,"href":"https:\/\/simplestainless.com\/fi\/wp-json\/wp\/v2\/product_brand?post=190"},{"taxonomy":"product_cat","embeddable":true,"href":"https:\/\/simplestainless.com\/fi\/wp-json\/wp\/v2\/product_cat?post=190"},{"taxonomy":"product_tag","embeddable":true,"href":"https:\/\/simplestainless.com\/fi\/wp-json\/wp\/v2\/product_tag?post=190"},{"taxonomy":"leverantor","embeddable":true,"href":"https:\/\/simplestainless.com\/fi\/wp-json\/wp\/v2\/leverantor?post=190"}],"curies":[{"name":"wp","href":"https:\/\/api.w.org\/{rel}","templated":true}]}}