{"id":199,"date":"2025-11-01T12:41:43","date_gmt":"2025-11-01T12:41:43","guid":{"rendered":"https:\/\/simplestainless.com\/?post_type=product&#038;p=199"},"modified":"2025-11-01T17:43:34","modified_gmt":"2025-11-01T17:43:34","slug":"mk01","status":"publish","type":"product","link":"https:\/\/simplestainless.com\/fi\/stalatex-kuviot\/mk01\/","title":{"rendered":"MK01"},"content":{"rendered":"","protected":false},"excerpt":{"rendered":"<p>MK01 kuuluu Matti Klenellin suunnittelemaan GRID-mallistoon, jossa Klenell on keskittynyt luomaan kuvioita, jotka rikastuttavat sisustusta selkein\u00e4 graafisina elementtein\u00e4 tilassa.<\/p>\n<p>Mallisto on suunniteltu siten, ett\u00e4 sen kuviot on helppo yhdist\u00e4\u00e4 kesken\u00e4\u00e4n. MK01 sopii erityisen hyvin k\u00e4ytett\u00e4v\u00e4ksi yhdess\u00e4 MK06- ja MK08-kuvioiden kanssa.<\/p>","protected":false},"featured_media":200,"comment_status":"open","ping_status":"closed","template":"","meta":[],"product_brand":[],"product_cat":[17],"product_tag":[],"leverantor":[],"class_list":{"0":"post-199","1":"product","2":"type-product","3":"status-publish","4":"has-post-thumbnail","6":"product_cat-stalatex-patterns","8":"first","9":"instock","10":"taxable","11":"shipping-taxable","12":"product-type-simple"},"_links":{"self":[{"href":"https:\/\/simplestainless.com\/fi\/wp-json\/wp\/v2\/product\/199","targetHints":{"allow":["GET"]}}],"collection":[{"href":"https:\/\/simplestainless.com\/fi\/wp-json\/wp\/v2\/product"}],"about":[{"href":"https:\/\/simplestainless.com\/fi\/wp-json\/wp\/v2\/types\/product"}],"replies":[{"embeddable":true,"href":"https:\/\/simplestainless.com\/fi\/wp-json\/wp\/v2\/comments?post=199"}],"wp:featuredmedia":[{"embeddable":true,"href":"https:\/\/simplestainless.com\/fi\/wp-json\/wp\/v2\/media\/200"}],"wp:attachment":[{"href":"https:\/\/simplestainless.com\/fi\/wp-json\/wp\/v2\/media?parent=199"}],"wp:term":[{"taxonomy":"product_brand","embeddable":true,"href":"https:\/\/simplestainless.com\/fi\/wp-json\/wp\/v2\/product_brand?post=199"},{"taxonomy":"product_cat","embeddable":true,"href":"https:\/\/simplestainless.com\/fi\/wp-json\/wp\/v2\/product_cat?post=199"},{"taxonomy":"product_tag","embeddable":true,"href":"https:\/\/simplestainless.com\/fi\/wp-json\/wp\/v2\/product_tag?post=199"},{"taxonomy":"leverantor","embeddable":true,"href":"https:\/\/simplestainless.com\/fi\/wp-json\/wp\/v2\/leverantor?post=199"}],"curies":[{"name":"wp","href":"https:\/\/api.w.org\/{rel}","templated":true}]}}