{"id":226,"date":"2025-11-01T13:06:43","date_gmt":"2025-11-01T13:06:43","guid":{"rendered":"https:\/\/simplestainless.com\/?post_type=product&#038;p=226"},"modified":"2025-11-01T13:07:25","modified_gmt":"2025-11-01T13:07:25","slug":"mk08","status":"publish","type":"product","link":"https:\/\/simplestainless.com\/fi\/stalatex-kuviot\/mk08\/","title":{"rendered":"MK08"},"content":{"rendered":"","protected":false},"excerpt":{"rendered":"<p>MK08 sopii kaikkiin keitti\u00f6tyyleihin \u2013 sek\u00e4 moderneihin ett\u00e4 perinteisiin. Matti Klenellin Grid-malliston suunnittelussa on keskitytty luomaan selkeit\u00e4, graafisia sisustuselementtej\u00e4, jotka kiinnitt\u00e4v\u00e4t katseen. Yhdist\u00e4 MK08 esimerkiksi MK01- tai MK06-kuvion kanssa.<\/p>","protected":false},"featured_media":227,"comment_status":"open","ping_status":"closed","template":"","meta":[],"product_brand":[],"product_cat":[17],"product_tag":[],"leverantor":[],"class_list":{"0":"post-226","1":"product","2":"type-product","3":"status-publish","4":"has-post-thumbnail","6":"product_cat-stalatex-patterns","8":"first","9":"instock","10":"taxable","11":"shipping-taxable","12":"product-type-simple"},"_links":{"self":[{"href":"https:\/\/simplestainless.com\/fi\/wp-json\/wp\/v2\/product\/226","targetHints":{"allow":["GET"]}}],"collection":[{"href":"https:\/\/simplestainless.com\/fi\/wp-json\/wp\/v2\/product"}],"about":[{"href":"https:\/\/simplestainless.com\/fi\/wp-json\/wp\/v2\/types\/product"}],"replies":[{"embeddable":true,"href":"https:\/\/simplestainless.com\/fi\/wp-json\/wp\/v2\/comments?post=226"}],"wp:featuredmedia":[{"embeddable":true,"href":"https:\/\/simplestainless.com\/fi\/wp-json\/wp\/v2\/media\/227"}],"wp:attachment":[{"href":"https:\/\/simplestainless.com\/fi\/wp-json\/wp\/v2\/media?parent=226"}],"wp:term":[{"taxonomy":"product_brand","embeddable":true,"href":"https:\/\/simplestainless.com\/fi\/wp-json\/wp\/v2\/product_brand?post=226"},{"taxonomy":"product_cat","embeddable":true,"href":"https:\/\/simplestainless.com\/fi\/wp-json\/wp\/v2\/product_cat?post=226"},{"taxonomy":"product_tag","embeddable":true,"href":"https:\/\/simplestainless.com\/fi\/wp-json\/wp\/v2\/product_tag?post=226"},{"taxonomy":"leverantor","embeddable":true,"href":"https:\/\/simplestainless.com\/fi\/wp-json\/wp\/v2\/leverantor?post=226"}],"curies":[{"name":"wp","href":"https:\/\/api.w.org\/{rel}","templated":true}]}}