{"id":244,"date":"2025-11-01T13:11:59","date_gmt":"2025-11-01T13:11:59","guid":{"rendered":"https:\/\/simplestainless.com\/?post_type=product&#038;p=244"},"modified":"2025-11-01T13:13:00","modified_gmt":"2025-11-01T13:13:00","slug":"gw05","status":"publish","type":"product","link":"https:\/\/simplestainless.com\/fi\/stalatex-kuviot\/gw05\/","title":{"rendered":"GW05"},"content":{"rendered":"","protected":false},"excerpt":{"rendered":"<p>GW05 kuuluu Trace-mallistoon, jonka on suunnitellut Gert Wing\u00e5rdh. Trace-mallistossa Wing\u00e5rdh tutkii luovan prosessin ydint\u00e4 \u2013 hetke\u00e4, jolloin ajatus muuttuu viivaksi. K\u00e4ytt\u00e4en lyijykyni\u00e4, musteita ja siveltimi\u00e4 h\u00e4n antaa viivojen ja roiskeiden virrata eri suuntiin ja tiheyksiin. Lopputuloksena on seitsem\u00e4n kuviota, joita voi parhaiten kuvata k\u00e4sin piirrettyin\u00e4 ajatusten j\u00e4lkin\u00e4. Trace on siten ikkuna suoraan arkkitehti Gert Wing\u00e5rdh\u2019n mieleen.<\/p>","protected":false},"featured_media":245,"comment_status":"open","ping_status":"closed","template":"","meta":[],"product_brand":[],"product_cat":[17],"product_tag":[],"leverantor":[],"class_list":{"0":"post-244","1":"product","2":"type-product","3":"status-publish","4":"has-post-thumbnail","6":"product_cat-stalatex-patterns","8":"first","9":"instock","10":"taxable","11":"shipping-taxable","12":"product-type-simple"},"_links":{"self":[{"href":"https:\/\/simplestainless.com\/fi\/wp-json\/wp\/v2\/product\/244","targetHints":{"allow":["GET"]}}],"collection":[{"href":"https:\/\/simplestainless.com\/fi\/wp-json\/wp\/v2\/product"}],"about":[{"href":"https:\/\/simplestainless.com\/fi\/wp-json\/wp\/v2\/types\/product"}],"replies":[{"embeddable":true,"href":"https:\/\/simplestainless.com\/fi\/wp-json\/wp\/v2\/comments?post=244"}],"wp:featuredmedia":[{"embeddable":true,"href":"https:\/\/simplestainless.com\/fi\/wp-json\/wp\/v2\/media\/245"}],"wp:attachment":[{"href":"https:\/\/simplestainless.com\/fi\/wp-json\/wp\/v2\/media?parent=244"}],"wp:term":[{"taxonomy":"product_brand","embeddable":true,"href":"https:\/\/simplestainless.com\/fi\/wp-json\/wp\/v2\/product_brand?post=244"},{"taxonomy":"product_cat","embeddable":true,"href":"https:\/\/simplestainless.com\/fi\/wp-json\/wp\/v2\/product_cat?post=244"},{"taxonomy":"product_tag","embeddable":true,"href":"https:\/\/simplestainless.com\/fi\/wp-json\/wp\/v2\/product_tag?post=244"},{"taxonomy":"leverantor","embeddable":true,"href":"https:\/\/simplestainless.com\/fi\/wp-json\/wp\/v2\/leverantor?post=244"}],"curies":[{"name":"wp","href":"https:\/\/api.w.org\/{rel}","templated":true}]}}